{"id":4251,"date":"2025-02-23T13:48:04","date_gmt":"2025-02-23T13:48:04","guid":{"rendered":"https:\/\/techno-med.eu\/?post_type=product&#038;p=4251"},"modified":"2025-02-26T22:37:15","modified_gmt":"2025-02-26T22:37:15","slug":"ausdauer-f-60","status":"publish","type":"product","link":"https:\/\/techno-med.eu\/fr\/product\/ausdauer-f-60\/","title":{"rendered":"Ausdauer F-60"},"content":{"rendered":"<p data-pm-slice=\"1 1 []\">Malgr\u00e9 sa taille XXL, le d\u00e9ambulateur Ausdauer F60 offre un haut niveau de confort.<\/p>\n<p>Er ist sehr stabil und bleibt auf allen Steigungen standfest.<\/p>\n<p>Les poign\u00e9es de pouss\u00e9e r\u00e9glables sont de forme ergonomique et le d\u00e9ambulateur dispose d'un si\u00e8ge confortable.<\/p>\n<p>Le sac de courses est amovible et peut contenir jusqu'\u00e0 10 kilogrammes.<\/p>\n<p>Die Bremsen der Schiebegriffe sind voll arretierbar, so dass der Benutzer auch auf einer schiefen Ebene eine Pause einlegen kann.<\/p>\n<p>Une caract\u00e9ristique cl\u00e9 du d\u00e9ambulateur Ausdauer F-60 est son pliage facile (voir photo). En raison de la petite taille du d\u00e9ambulateur pli\u00e9, il peut \u00eatre facilement transport\u00e9 dans le coffre de n'importe quel v\u00e9hicule.<\/p>\n<p>Le d\u00e9ambulateur est test\u00e9 et approuv\u00e9 pour un poids utilisateur maximal allant jusqu'\u00e0 136 kg.<\/p>","protected":false},"excerpt":{"rendered":"<p>L'Ausdauer F-60 est votre d\u00e9ambulateur XXL id\u00e9al, sp\u00e9cialement con\u00e7u pour les voyages.<\/p>\n<p>Fabriqu\u00e9 en aluminium, il est facilement pliable et suffisamment stable pour surmonter tous les obstacles et r\u00e9sister \u00e0 tous les terrains et conditions m\u00e9t\u00e9orologiques.<\/p>","protected":false},"featured_media":4839,"template":"","meta":{"pagelayer_contact_templates":[],"_pagelayer_content":""},"product_brand":[],"product_cat":[47],"product_tag":[],"class_list":{"0":"post-4251","1":"product","2":"type-product","3":"status-publish","4":"has-post-thumbnail","6":"product_cat-xxl-rollatoren","8":"first","9":"instock","10":"shipping-taxable","11":"purchasable","12":"product-type-simple"},"_links":{"self":[{"href":"https:\/\/techno-med.eu\/fr\/wp-json\/wp\/v2\/product\/4251","targetHints":{"allow":["GET"]}}],"collection":[{"href":"https:\/\/techno-med.eu\/fr\/wp-json\/wp\/v2\/product"}],"about":[{"href":"https:\/\/techno-med.eu\/fr\/wp-json\/wp\/v2\/types\/product"}],"version-history":[{"count":7,"href":"https:\/\/techno-med.eu\/fr\/wp-json\/wp\/v2\/product\/4251\/revisions"}],"predecessor-version":[{"id":4865,"href":"https:\/\/techno-med.eu\/fr\/wp-json\/wp\/v2\/product\/4251\/revisions\/4865"}],"wp:featuredmedia":[{"embeddable":true,"href":"https:\/\/techno-med.eu\/fr\/wp-json\/wp\/v2\/media\/4839"}],"wp:attachment":[{"href":"https:\/\/techno-med.eu\/fr\/wp-json\/wp\/v2\/media?parent=4251"}],"wp:term":[{"taxonomy":"product_brand","embeddable":true,"href":"https:\/\/techno-med.eu\/fr\/wp-json\/wp\/v2\/product_brand?post=4251"},{"taxonomy":"product_cat","embeddable":true,"href":"https:\/\/techno-med.eu\/fr\/wp-json\/wp\/v2\/product_cat?post=4251"},{"taxonomy":"product_tag","embeddable":true,"href":"https:\/\/techno-med.eu\/fr\/wp-json\/wp\/v2\/product_tag?post=4251"}],"curies":[{"name":"wp","href":"https:\/\/api.w.org\/{rel}","templated":true}]}}