{"id":4249,"date":"2025-02-23T13:48:17","date_gmt":"2025-02-23T13:48:17","guid":{"rendered":"https:\/\/techno-med.eu\/?post_type=product&#038;p=4249"},"modified":"2025-03-10T16:50:58","modified_gmt":"2025-03-10T16:50:58","slug":"dynamiker-b-70","status":"publish","type":"product","link":"https:\/\/techno-med.eu\/fr\/product\/dynamiker-b-70\/","title":{"rendered":"Dynamiker B-70"},"content":{"rendered":"<p data-pm-slice=\"1 1 []\">Le d\u00e9ambulateur Dynamiker B-70 permet non seulement aux personnes \u00e0 mobilit\u00e9 r\u00e9duite d'acc\u00e9der aux centres commerciaux et aux supermarch\u00e9s, mais aussi de porter des charges allant jusqu'\u00e0 10 kilos dans leur sac \u00e0 provisions.<\/p>\n<p>Au total, il a une capacit\u00e9 de charge maximale de 136 kilogrammes.<\/p>\n<p>Il est tr\u00e8s l\u00e9ger, ce qui facilite la circulation sur les rampes et les collines l\u00e9g\u00e8rement inclin\u00e9es.<\/p>\n<p>La hauteur de la poign\u00e9e est r\u00e9glable et peut \u00eatre ajust\u00e9e \u00e0 une hauteur comprise entre 90 et 102 centim\u00e8tres.<\/p>\n<p>Integriert ist ein bequemer Sitz, der f\u00fcr Pausen bei l\u00e4ngeren Spazierg\u00e4ngen genutzt werden kann.<\/p>\n<p>Un syst\u00e8me de freinage efficace permet \u00e0 l'utilisateur de ne jamais perdre le contr\u00f4le du d\u00e9ambulateur.<\/p>\n<p>Bien s\u00fbr, ce d\u00e9ambulateur peut aussi \u00eatre utilis\u00e9 confortablement \u00e0 la maison. Il est facile \u00e0 man\u0153uvrer dans les appartements \u00e9troits.<\/p>\n<p>Gr\u00e2ce \u00e0 sa taille raisonnable (94 cm \u00d7 56 cm \u00d7 82 cm), il se plie et se transporte facilement dans le coffre de n'importe quel v\u00e9hicule.<\/p>","protected":false},"excerpt":{"rendered":"<p>Le Dynamiker B-70 est con\u00e7u pour une utilisation \u00e0 l'ext\u00e9rieur, mais peut \u00e9galement \u00eatre utilis\u00e9 \u00e0 l'int\u00e9rieur.Le cadre du rollator est particuli\u00e8rement stable. Gr\u00e2ce \u00e0 sa solidit\u00e9, il r\u00e9siste \u00e0 tous les types de chocs et d'intemp\u00e9ries tout en restant extr\u00eamement maniable.<\/p>","protected":false},"featured_media":4266,"template":"","meta":{"pagelayer_contact_templates":[],"_pagelayer_content":""},"product_brand":[],"product_cat":[46],"product_tag":[],"class_list":{"0":"post-4249","1":"product","2":"type-product","3":"status-publish","4":"has-post-thumbnail","6":"product_cat-outdoor-rollatoren","8":"first","9":"instock","10":"shipping-taxable","11":"purchasable","12":"product-type-simple"},"_links":{"self":[{"href":"https:\/\/techno-med.eu\/fr\/wp-json\/wp\/v2\/product\/4249","targetHints":{"allow":["GET"]}}],"collection":[{"href":"https:\/\/techno-med.eu\/fr\/wp-json\/wp\/v2\/product"}],"about":[{"href":"https:\/\/techno-med.eu\/fr\/wp-json\/wp\/v2\/types\/product"}],"version-history":[{"count":4,"href":"https:\/\/techno-med.eu\/fr\/wp-json\/wp\/v2\/product\/4249\/revisions"}],"predecessor-version":[{"id":4857,"href":"https:\/\/techno-med.eu\/fr\/wp-json\/wp\/v2\/product\/4249\/revisions\/4857"}],"wp:featuredmedia":[{"embeddable":true,"href":"https:\/\/techno-med.eu\/fr\/wp-json\/wp\/v2\/media\/4266"}],"wp:attachment":[{"href":"https:\/\/techno-med.eu\/fr\/wp-json\/wp\/v2\/media?parent=4249"}],"wp:term":[{"taxonomy":"product_brand","embeddable":true,"href":"https:\/\/techno-med.eu\/fr\/wp-json\/wp\/v2\/product_brand?post=4249"},{"taxonomy":"product_cat","embeddable":true,"href":"https:\/\/techno-med.eu\/fr\/wp-json\/wp\/v2\/product_cat?post=4249"},{"taxonomy":"product_tag","embeddable":true,"href":"https:\/\/techno-med.eu\/fr\/wp-json\/wp\/v2\/product_tag?post=4249"}],"curies":[{"name":"wp","href":"https:\/\/api.w.org\/{rel}","templated":true}]}}