{"id":4234,"date":"2025-02-23T10:58:31","date_gmt":"2025-02-23T10:58:31","guid":{"rendered":"https:\/\/techno-med.eu\/?post_type=product&#038;p=4234"},"modified":"2025-03-10T17:52:45","modified_gmt":"2025-03-10T17:52:45","slug":"dauerbrenner-g-80","status":"publish","type":"product","link":"https:\/\/techno-med.eu\/fr\/product\/dauerbrenner-g-80\/","title":{"rendered":"Dauerbrenner G-80"},"content":{"rendered":"<p data-pm-slice=\"1 1 []\">Le rollateur G-80, un succ\u00e8s durable, r\u00e9pond \u00e0 vos besoins quotidiens en mati\u00e8re de mobilit\u00e9 et de s\u00e9curit\u00e9.<\/p>\n<p>Son cadre en acier stable ainsi que ses pneus increvables favorisent son utilisation \u00e0 l'int\u00e9rieur comme \u00e0 l'ext\u00e9rieur.<\/p>\n<p>Les poign\u00e9es r\u00e9glables en hauteur permettent de s'adapter \u00e0 votre taille, tandis que le si\u00e8ge confortable avec porte-canne int\u00e9gr\u00e9 permet de faire de courtes pauses.<\/p>\n<p>Le mouvement lat\u00e9ral ne n\u00e9cessite aucun effort et les freins int\u00e9gr\u00e9s offrent un niveau de s\u00e9curit\u00e9 suffisant.<\/p>\n<p>Malgr\u00e9 sa taille relativement petite, le G-80 durable r\u00e9siste \u00e0 une charge verticale allant jusqu'\u00e0 120 kilogrammes.<\/p>\n<p>Test\u00e9 en profondeur, il est le de\u00e1mbulateur id\u00e9al dans la cat\u00e9gorie des de\u00e1mbulateurs standard.<\/p>","protected":false},"excerpt":{"rendered":"<p>Le G-80 est le meilleur choix possible comme rollator d'entr\u00e9e de gamme.<\/p>\n<p>Fabriqu\u00e9 en acier, il est beaucoup plus l\u00e9ger que les autres rollators et convient tr\u00e8s bien aux patients plus faibles ayant des besoins sp\u00e9cifiques.<\/p>","protected":false},"featured_media":4262,"template":"","meta":{"pagelayer_contact_templates":[],"_pagelayer_content":""},"product_brand":[],"product_cat":[44],"product_tag":[],"class_list":{"0":"post-4234","1":"product","2":"type-product","3":"status-publish","4":"has-post-thumbnail","6":"product_cat-standard-rollatoren","8":"first","9":"instock","10":"shipping-taxable","11":"purchasable","12":"product-type-simple"},"_links":{"self":[{"href":"https:\/\/techno-med.eu\/fr\/wp-json\/wp\/v2\/product\/4234","targetHints":{"allow":["GET"]}}],"collection":[{"href":"https:\/\/techno-med.eu\/fr\/wp-json\/wp\/v2\/product"}],"about":[{"href":"https:\/\/techno-med.eu\/fr\/wp-json\/wp\/v2\/types\/product"}],"version-history":[{"count":7,"href":"https:\/\/techno-med.eu\/fr\/wp-json\/wp\/v2\/product\/4234\/revisions"}],"predecessor-version":[{"id":4870,"href":"https:\/\/techno-med.eu\/fr\/wp-json\/wp\/v2\/product\/4234\/revisions\/4870"}],"wp:featuredmedia":[{"embeddable":true,"href":"https:\/\/techno-med.eu\/fr\/wp-json\/wp\/v2\/media\/4262"}],"wp:attachment":[{"href":"https:\/\/techno-med.eu\/fr\/wp-json\/wp\/v2\/media?parent=4234"}],"wp:term":[{"taxonomy":"product_brand","embeddable":true,"href":"https:\/\/techno-med.eu\/fr\/wp-json\/wp\/v2\/product_brand?post=4234"},{"taxonomy":"product_cat","embeddable":true,"href":"https:\/\/techno-med.eu\/fr\/wp-json\/wp\/v2\/product_cat?post=4234"},{"taxonomy":"product_tag","embeddable":true,"href":"https:\/\/techno-med.eu\/fr\/wp-json\/wp\/v2\/product_tag?post=4234"}],"curies":[{"name":"wp","href":"https:\/\/api.w.org\/{rel}","templated":true}]}}