{"id":4215,"date":"2025-02-23T10:24:01","date_gmt":"2025-02-23T10:24:01","guid":{"rendered":"https:\/\/techno-med.eu\/?post_type=product&#038;p=4215"},"modified":"2025-03-10T21:30:32","modified_gmt":"2025-03-10T21:30:32","slug":"kraftakt-x-90","status":"publish","type":"product","link":"https:\/\/techno-med.eu\/fr\/product\/kraftakt-x-90\/","title":{"rendered":"Kraftakt X-90"},"content":{"rendered":"<p>Kraftakt X-90 poss\u00e8de plusieurs qualit\u00e9s.<\/p>\n<p>Bien qu'il soit simple, les tests ont montr\u00e9 qu'il s'agit de l'un des d\u00e9ambulateurs les plus stables et les plus robustes.<\/p>\n<p>Son cadre en carbone et aluminium assure une r\u00e9sistance et une durabilit\u00e9 maximales.<\/p>\n<p>Il est facile \u00e0 man\u0153uvrer sur n'importe quel terrain et par tous les temps.<\/p>\n<p>Les grandes roues \u00e0 roulement doux d'un diam\u00e8tre de 20 centim\u00e8tres et les freins verrouillables offrent une mobilit\u00e9 maximale.<\/p>\n<p>Le d\u00e9ambulateur est s\u00e9curis\u00e9 contre tout d\u00e9verrouillage accidentel.<\/p>\n<p>Le si\u00e8ge confortable et la sangle arri\u00e8re facilitent la pause.<\/p>\n<p>La taille du sac \u00e0 roulettes offre suffisamment d'espace de rangement pour transporter des quantit\u00e9s encore plus importantes de marchandises<\/p>\n<p>Le puissant X-90 peut \u00eatre rapidement pli\u00e9 et transport\u00e9 dans le coffre de n'importe quel v\u00e9hicule.<\/p>\n<p>Dans l\u2019ensemble, la conception ergonomique du Kraftakt X-90 en fait l\u2019un de nos favoris.<\/p>","protected":false},"excerpt":{"rendered":"<p>Facile \u00e0 monter, le Kraftakt X-90 est un d\u00e9ambulateur plus l\u00e9ger, plus robuste, avec une stabilit\u00e9 maximale et une dur\u00e9e de vie maximale.<\/p>\n<p>C'est l'un de nos d\u00e9ambulateurs les plus populaires.<\/p>","protected":false},"featured_media":4278,"template":"","meta":{"pagelayer_contact_templates":[],"_pagelayer_content":""},"product_brand":[],"product_cat":[41],"product_tag":[],"class_list":{"0":"post-4215","1":"product","2":"type-product","3":"status-publish","4":"has-post-thumbnail","6":"product_cat-leichtgewicht-rollatoren","8":"first","9":"instock","10":"shipping-taxable","11":"purchasable","12":"product-type-simple"},"_links":{"self":[{"href":"https:\/\/techno-med.eu\/fr\/wp-json\/wp\/v2\/product\/4215","targetHints":{"allow":["GET"]}}],"collection":[{"href":"https:\/\/techno-med.eu\/fr\/wp-json\/wp\/v2\/product"}],"about":[{"href":"https:\/\/techno-med.eu\/fr\/wp-json\/wp\/v2\/types\/product"}],"version-history":[{"count":9,"href":"https:\/\/techno-med.eu\/fr\/wp-json\/wp\/v2\/product\/4215\/revisions"}],"predecessor-version":[{"id":6943,"href":"https:\/\/techno-med.eu\/fr\/wp-json\/wp\/v2\/product\/4215\/revisions\/6943"}],"wp:featuredmedia":[{"embeddable":true,"href":"https:\/\/techno-med.eu\/fr\/wp-json\/wp\/v2\/media\/4278"}],"wp:attachment":[{"href":"https:\/\/techno-med.eu\/fr\/wp-json\/wp\/v2\/media?parent=4215"}],"wp:term":[{"taxonomy":"product_brand","embeddable":true,"href":"https:\/\/techno-med.eu\/fr\/wp-json\/wp\/v2\/product_brand?post=4215"},{"taxonomy":"product_cat","embeddable":true,"href":"https:\/\/techno-med.eu\/fr\/wp-json\/wp\/v2\/product_cat?post=4215"},{"taxonomy":"product_tag","embeddable":true,"href":"https:\/\/techno-med.eu\/fr\/wp-json\/wp\/v2\/product_tag?post=4215"}],"curies":[{"name":"wp","href":"https:\/\/api.w.org\/{rel}","templated":true}]}}