{"id":5360,"date":"2025-03-01T20:06:59","date_gmt":"2025-03-01T20:06:59","guid":{"rendered":"https:\/\/techno-med.eu\/?page_id=5360"},"modified":"2025-03-16T08:11:45","modified_gmt":"2025-03-16T08:11:45","slug":"kontakt","status":"publish","type":"page","link":"https:\/\/techno-med.eu\/fr\/kontakt\/","title":{"rendered":"Contactez-nous"},"content":{"rendered":"<div data-elementor-type=\"wp-page\" data-elementor-id=\"5360\" class=\"elementor elementor-5360\">\n\t\t\t\t<div class=\"elementor-element elementor-element-6d864e2 e-con-full e-flex e-con e-parent\" data-id=\"6d864e2\" data-element_type=\"container\" data-e-type=\"container\">\n\t\t\t\t<div class=\"elementor-element elementor-element-b6af806 elementor-widget elementor-widget-heading\" data-id=\"b6af806\" data-element_type=\"widget\" data-e-type=\"widget\" data-widget_type=\"heading.default\">\n\t\t\t\t\t<h1 class=\"elementor-heading-title elementor-size-default\">Contactez-nous<\/h1>\t\t\t\t<\/div>\n\t\t\t\t<div class=\"elementor-element elementor-element-c48eb68 elementor-widget__width-initial elementor-widget elementor-widget-text-editor\" data-id=\"c48eb68\" data-element_type=\"widget\" data-e-type=\"widget\" data-widget_type=\"text-editor.default\">\n\t\t\t\t\t\t\t\t\t<p>Nous vous aidons volontiers \u00e0 trouver et \u00e0 commander les d\u00e9mabulateurs dont votre entreprise a besoin.<\/p><p>Veuillez remplir le formulaire ci-dessous selon vos souhaits et nous vous contacterons dans les plus brefs d\u00e9lais.<\/p><p>contacter dans les 24 heures.<\/p><p>(Vous pouvez \u00e9galement nous envoyer un courriel \u00e0 l'adresse suivante <strong>kundenbetreuung@techno-med.eu<\/strong>)<\/p>\t\t\t\t\t\t\t\t<\/div>\n\t\t\t\t<div class=\"elementor-element elementor-element-8201d97 elementor-widget elementor-widget-wpforms\" data-id=\"8201d97\" data-element_type=\"widget\" data-e-type=\"widget\" data-widget_type=\"wpforms.default\">\n\t\t\t\t<div class=\"elementor-widget-container\">\n\t\t\t\t\t<style id=\"wpforms-css-vars-elementor-widget-8201d97\">\n\t\t\t\t.elementor-widget-wpforms.elementor-element-8201d97 {\n\t\t\t\t--wpforms-field-background-color: #FEFEFE;\n--wpforms-field-border-color: #02AEF0;\n--wpforms-field-border-color-spare: #02AEF0;\n\t\t\t}\n\t\t\t<\/style><div class=\"wpforms-container wpforms-container-full wpforms-render-modern\" id=\"wpforms-5407\"><form id=\"wpforms-form-5407\" class=\"wpforms-validate wpforms-form wpforms-ajax-form\" data-formid=\"5407\" method=\"post\" enctype=\"multipart\/form-data\" action=\"\/fr\/wp-json\/wp\/v2\/pages\/5360\" data-token=\"4cf25ebc5d434e6628625b4c25a944cf\" data-token-time=\"1776603636\" data-trp-original-action=\"\/fr\/wp-json\/wp\/v2\/pages\/5360\"><noscript class=\"wpforms-error-noscript\">Veuillez activer JavaScript dans votre navigateur pour remplir ce formulaire.<\/noscript><div id=\"wpforms-error-noscript\" style=\"display: none;\">Veuillez activer JavaScript dans votre navigateur pour remplir ce formulaire.<\/div><div class=\"wpforms-field-container\">\t\t<div id=\"wpforms-5407-field_1-container\"\n\t\t\tclass=\"wpforms-field wpforms-field-text\"\n\t\t\tdata-field-type=\"text\"\n\t\t\tdata-field-id=\"1\"\n\t\t\t>\n\t\t\t<label class=\"wpforms-field-label\" for=\"wpforms-5407-field_1\" >Anfrage Anrede Telefonnummer<\/label>\n\t\t\t<input type=\"text\" id=\"wpforms-5407-field_1\" class=\"wpforms-field-medium\" name=\"wpforms[fields][1]\" >\n\t\t<\/div>\n\t\t<div id=\"wpforms-5407-field_8-container\" class=\"wpforms-field wpforms-field-select wpforms-field-select-style-classic\" data-field-id=\"8\"><label class=\"wpforms-field-label\" for=\"wpforms-5407-field_8\">Formule de politesse<\/label><select id=\"wpforms-5407-field_8\" class=\"wpforms-field-small\" name=\"wpforms[fields][8]\"><option value=\"Herr\"  class=\"choice-1 depth-1\"  >Monsieur<\/option><option value=\"Frau\"  class=\"choice-2 depth-1\"  >Madame<\/option><\/select><\/div><div id=\"wpforms-5407-field_2-container\" class=\"wpforms-field wpforms-field-text\" data-field-id=\"2\"><label class=\"wpforms-field-label\" for=\"wpforms-5407-field_2\">Nom <span class=\"wpforms-required-label\" aria-hidden=\"true\">*<\/span><\/label><input type=\"text\" id=\"wpforms-5407-field_2\" class=\"wpforms-field-small wpforms-field-required\" name=\"wpforms[fields][2]\" aria-errormessage=\"wpforms-5407-field_2-error\" required><\/div><div id=\"wpforms-5407-field_4-container\" class=\"wpforms-field wpforms-field-select wpforms-field-select-style-modern\" data-field-id=\"4\"><label class=\"wpforms-field-label\" for=\"wpforms-5407-field_4\">Type de requ\u00eate <span class=\"wpforms-required-label\" aria-hidden=\"true\">*<\/span><\/label><select id=\"wpforms-5407-field_4\" class=\"wpforms-field-small wpforms-field-required choicesjs-select\" data-size-class=\"wpforms-field-row wpforms-field-small\" data-search-enabled=\"\" name=\"wpforms[fields][4]\" required=\"required\"><option value=\"\" class=\"placeholder\" disabled selected='selected'><\/option><option value=\"Frage zu einem fr\u00fcheren Kauf\"  class=\"choice-1 depth-1\"  >Question relative \u00e0 un achat ant\u00e9rieur<\/option><option value=\"Frage zu einem Technomed-Rollator\"  class=\"choice-2 depth-1\"  >Renseignements sur un d\u00e9mabulateur Technomed<\/option><option value=\"Anfrage zu einem bestimmten Rollator\"  class=\"choice-3 depth-1\"  >Demande de renseignements sur un d\u00e9ambulateur sp\u00e9cifique<\/option><option value=\"Frage zu Technomed\"  class=\"choice-4 depth-1\"  >Renseignements sur Technomed<\/option><option value=\"Allgemeine Frage\"  class=\"choice-5 depth-1\"  >Question d'ordre g\u00e9n\u00e9ral<\/option><\/select><\/div><div id=\"wpforms-5407-field_5-container\" class=\"wpforms-field wpforms-field-select wpforms-field-select-style-classic\" data-field-id=\"5\"><label class=\"wpforms-field-label\" for=\"wpforms-5407-field_5\">Mode de communication pr\u00e9f\u00e9r\u00e9 <span class=\"wpforms-required-label\" aria-hidden=\"true\">*<\/span><\/label><select id=\"wpforms-5407-field_5\" class=\"wpforms-field-small wpforms-field-required\" name=\"wpforms[fields][5]\" required=\"required\"><option value=\"E-Mail-Kommunikation\"  class=\"choice-1 depth-1\"  >Communication par courrier \u00e9lectronique<\/option><option value=\"Telefonischer R\u00fcckruf werktags vormittags (9 - 12 Uhr)\"  class=\"choice-2 depth-1\"  >Rappel t\u00e9l\u00e9phonique les matins de semaine (9h - 12h)<\/option><option value=\"Telefonischer R\u00fcckruf werktags nachmittags (13:00 - 18:00 Uhr)\"  class=\"choice-3 depth-1\"  >Rappel t\u00e9l\u00e9phonique en semaine l'apr\u00e8s-midi (13h00 - 18h00)<\/option><\/select><\/div><div id=\"wpforms-5407-field_7-container\" class=\"wpforms-field wpforms-field-text\" data-field-id=\"7\"><label class=\"wpforms-field-label\" for=\"wpforms-5407-field_7\">Adresse \u00e9lectronique ou num\u00e9ro de t\u00e9l\u00e9phone <span class=\"wpforms-required-label\" aria-hidden=\"true\">*<\/span><\/label><input type=\"text\" id=\"wpforms-5407-field_7\" class=\"wpforms-field-small wpforms-field-required\" name=\"wpforms[fields][7]\" aria-errormessage=\"wpforms-5407-field_7-error\" required><\/div><div id=\"wpforms-5407-field_6-container\" class=\"wpforms-field wpforms-field-textarea\" data-field-id=\"6\"><label class=\"wpforms-field-label\" for=\"wpforms-5407-field_6\">Demande de renseignements <span class=\"wpforms-required-label\" aria-hidden=\"true\">*<\/span><\/label><textarea id=\"wpforms-5407-field_6\" class=\"wpforms-field-small wpforms-field-required\" name=\"wpforms[fields][6]\" aria-errormessage=\"wpforms-5407-field_6-error\" aria-describedby=\"wpforms-5407-field_6-description\" required><\/textarea><div id=\"wpforms-5407-field_6-description\" class=\"wpforms-field-description\">Description de votre demande <\/div><\/div><script>\n\t\t\t\t( function() {\n\t\t\t\t\tconst style = document.createElement( 'style' );\n\t\t\t\t\tstyle.appendChild( document.createTextNode( '#wpforms-5407-field_1-container { position: absolute !important; overflow: hidden !important; display: inline !important; height: 1px !important; width: 1px !important; z-index: -1000 !important; padding: 0 !important; } #wpforms-5407-field_1-container input { visibility: hidden; } #wpforms-conversational-form-page #wpforms-5407-field_1-container label { counter-increment: none; }' ) );\n\t\t\t\t\tdocument.head.appendChild( style );\n\t\t\t\t\tdocument.currentScript?.remove();\n\t\t\t\t} )();\n\t\t\t<\/script><\/div><!-- .wpforms-field-container --><div class=\"wpforms-submit-container\" ><input type=\"hidden\" name=\"wpforms[id]\" value=\"5407\"><input type=\"hidden\" name=\"page_title\" value=\"\"><input type=\"hidden\" name=\"page_url\" value=\"https:\/\/techno-med.eu\/fr\/wp-json\/wp\/v2\/pages\/5360\"><input type=\"hidden\" name=\"url_referer\" value=\"\"><button type=\"submit\" name=\"wpforms[submit]\" id=\"wpforms-submit-5407\" class=\"wpforms-submit\" data-alt-text=\"Nachricht gesendet ...\" data-submit-text=\" Nachricht senden\" aria-live=\"assertive\" value=\"wpforms-submit\"> Envoyer le message<\/button><img decoding=\"async\" src=\"https:\/\/techno-med.eu\/wp-content\/plugins\/wpforms-lite\/assets\/images\/submit-spin.svg\" class=\"wpforms-submit-spinner\" style=\"display: none;\" width=\"26\" height=\"26\" alt=\"Chargement en cours\"><\/div><input type=\"hidden\" name=\"trp-form-language\" value=\"fr\"\/><\/form><\/div>  <!-- .wpforms-container -->\t\t\t\t<\/div>\n\t\t\t\t<\/div>\n\t\t\t\t<\/div>\n\t\t\t\t<\/div>","protected":false},"excerpt":{"rendered":"<p>Kontakt Wir helfen Ihnen gerne bei der Suche und Bestellung der Rollatoren, die Ihr Unternehmen braucht. Bitte f\u00fcllen Sie das untenstehende Formular entsprechend Ihren W\u00fcnschen aus und wir werden Sie innerhalb der n\u00e4chsten 24 Stunden kontaktieren. (Alternativ k\u00f6nnen Sie uns auch eine E-Mail schreiben an kundenbetreuung@techno-med.eu) Please enable JavaScript in your browser to complete this [&hellip;]<\/p>","protected":false},"author":1,"featured_media":0,"parent":0,"menu_order":0,"comment_status":"closed","ping_status":"closed","template":"","meta":{"pagelayer_contact_templates":[],"_pagelayer_content":"","footnotes":""},"class_list":["post-5360","page","type-page","status-publish","hentry"],"blocksy_meta":[],"_links":{"self":[{"href":"https:\/\/techno-med.eu\/fr\/wp-json\/wp\/v2\/pages\/5360","targetHints":{"allow":["GET"]}}],"collection":[{"href":"https:\/\/techno-med.eu\/fr\/wp-json\/wp\/v2\/pages"}],"about":[{"href":"https:\/\/techno-med.eu\/fr\/wp-json\/wp\/v2\/types\/page"}],"author":[{"embeddable":true,"href":"https:\/\/techno-med.eu\/fr\/wp-json\/wp\/v2\/users\/1"}],"replies":[{"embeddable":true,"href":"https:\/\/techno-med.eu\/fr\/wp-json\/wp\/v2\/comments?post=5360"}],"version-history":[{"count":121,"href":"https:\/\/techno-med.eu\/fr\/wp-json\/wp\/v2\/pages\/5360\/revisions"}],"predecessor-version":[{"id":7184,"href":"https:\/\/techno-med.eu\/fr\/wp-json\/wp\/v2\/pages\/5360\/revisions\/7184"}],"wp:attachment":[{"href":"https:\/\/techno-med.eu\/fr\/wp-json\/wp\/v2\/media?parent=5360"}],"curies":[{"name":"wp","href":"https:\/\/api.w.org\/{rel}","templated":true}]}}