{"id":3522,"date":"2025-02-21T11:55:50","date_gmt":"2025-02-21T11:55:50","guid":{"rendered":"https:\/\/techno-med.eu\/?page_id=3522"},"modified":"2025-03-16T08:11:25","modified_gmt":"2025-03-16T08:11:25","slug":"bestellmoeglichkeiten","status":"publish","type":"page","link":"https:\/\/techno-med.eu\/fr\/bestellmoeglichkeiten\/","title":{"rendered":"Options de commande"},"content":{"rendered":"<div data-elementor-type=\"wp-page\" data-elementor-id=\"3522\" class=\"elementor elementor-3522\">\n\t\t\t\t<div class=\"elementor-element elementor-element-de85080 e-flex e-con-boxed e-con e-parent\" data-id=\"de85080\" data-element_type=\"container\" data-e-type=\"container\">\n\t\t\t\t\t<div class=\"e-con-inner\">\n\t\t\t\t<div class=\"elementor-element elementor-element-f7a2615 elementor-widget elementor-widget-heading\" data-id=\"f7a2615\" data-element_type=\"widget\" data-e-type=\"widget\" data-widget_type=\"heading.default\">\n\t\t\t\t\t<h1 class=\"elementor-heading-title elementor-size-default\">Options de commande<\/h1>\t\t\t\t<\/div>\n\t\t\t\t<div class=\"elementor-element elementor-element-5f09bdee elementor-widget elementor-widget-text-editor\" data-id=\"5f09bdee\" data-element_type=\"widget\" data-e-type=\"widget\" data-widget_type=\"text-editor.default\">\n\t\t\t\t\t\t\t\t\t\n<p data-pm-slice=\"1 1 []\"><strong>Options de commande<\/strong><\/p>\n<p>Technomed-Onlineshop steht Ihnen im Internet zur Verf\u00fcgung.<\/p>\n<p>Sie haben folgende M\u00f6glichkeiten, eine Bestellung bei uns aufzugeben:<\/p>\n<ul class=\"custom-disc\">\n<li>\n<p>direkt \u00fcber unseren Onlineshop,<\/p>\n<\/li>\n<li>\n<p>oder per Telefon unter +49 89 9239 6644<\/p>\n<\/li>\n<li>\n<p>oder per E-Mail unter Kontakt.<\/p>\n<\/li>\n<\/ul>\n<p>Wir sind f\u00fcr Sie da und wollen Ihnen helfen.<\/p>\n<p>Telefonisch sind wir von Montag bis Freitag von 8 bis 18 Uhr und Samstags von 9 bis 16:30 Uhr f\u00fcr Sie erreichbar.<\/p>\n\n<p>\u00a0<\/p>\n\t\t\t\t\t\t\t\t<\/div>\n\t\t\t\t\t<\/div>\n\t\t\t\t<\/div>\n\t\t\t\t<\/div>","protected":false},"excerpt":{"rendered":"<p>Bestellm\u00f6glichkeiten Bestellm\u00f6glichkeiten Technomed-Onlineshop steht Ihnen im Internet zur Verf\u00fcgung. Sie haben folgende M\u00f6glichkeiten, eine Bestellung bei uns aufzugeben: direkt \u00fcber unseren Onlineshop, oder per Telefon unter +49 89 9239 6644 oder per E-Mail unter Kontakt. Wir sind f\u00fcr Sie da und wollen Ihnen helfen. Telefonisch sind wir von Montag bis Freitag von 8 bis 18 [&hellip;]<\/p>","protected":false},"author":1,"featured_media":0,"parent":0,"menu_order":0,"comment_status":"closed","ping_status":"closed","template":"","meta":{"pagelayer_contact_templates":[],"_pagelayer_content":"","footnotes":""},"class_list":["post-3522","page","type-page","status-publish","hentry"],"blocksy_meta":[],"_links":{"self":[{"href":"https:\/\/techno-med.eu\/fr\/wp-json\/wp\/v2\/pages\/3522","targetHints":{"allow":["GET"]}}],"collection":[{"href":"https:\/\/techno-med.eu\/fr\/wp-json\/wp\/v2\/pages"}],"about":[{"href":"https:\/\/techno-med.eu\/fr\/wp-json\/wp\/v2\/types\/page"}],"author":[{"embeddable":true,"href":"https:\/\/techno-med.eu\/fr\/wp-json\/wp\/v2\/users\/1"}],"replies":[{"embeddable":true,"href":"https:\/\/techno-med.eu\/fr\/wp-json\/wp\/v2\/comments?post=3522"}],"version-history":[{"count":38,"href":"https:\/\/techno-med.eu\/fr\/wp-json\/wp\/v2\/pages\/3522\/revisions"}],"predecessor-version":[{"id":4697,"href":"https:\/\/techno-med.eu\/fr\/wp-json\/wp\/v2\/pages\/3522\/revisions\/4697"}],"wp:attachment":[{"href":"https:\/\/techno-med.eu\/fr\/wp-json\/wp\/v2\/media?parent=3522"}],"curies":[{"name":"wp","href":"https:\/\/api.w.org\/{rel}","templated":true}]}}