{"id":3504,"date":"2025-02-21T11:42:43","date_gmt":"2025-02-21T11:42:43","guid":{"rendered":"https:\/\/techno-med.eu\/?page_id=3504"},"modified":"2025-03-18T16:22:06","modified_gmt":"2025-03-18T16:22:06","slug":"zahlungsarten","status":"publish","type":"page","link":"https:\/\/techno-med.eu\/fr\/zahlungsarten\/","title":{"rendered":"Modes de paiement"},"content":{"rendered":"<div data-elementor-type=\"wp-page\" data-elementor-id=\"3504\" class=\"elementor elementor-3504\">\n\t\t\t\t<div class=\"elementor-element elementor-element-f6591eb e-flex e-con-boxed e-con e-parent\" data-id=\"f6591eb\" data-element_type=\"container\" data-e-type=\"container\">\n\t\t\t\t\t<div class=\"e-con-inner\">\n\t\t\t\t<div class=\"elementor-element elementor-element-f37f3a3 elementor-widget elementor-widget-heading\" data-id=\"f37f3a3\" data-element_type=\"widget\" data-e-type=\"widget\" data-widget_type=\"heading.default\">\n\t\t\t\t\t<h1 class=\"elementor-heading-title elementor-size-default\">Modes de paiement<\/h1>\t\t\t\t<\/div>\n\t\t\t\t<div class=\"elementor-element elementor-element-1878634a elementor-widget__width-initial elementor-widget elementor-widget-text-editor\" data-id=\"1878634a\" data-element_type=\"widget\" data-e-type=\"widget\" data-widget_type=\"text-editor.default\">\n\t\t\t\t\t\t\t\t\t\n<h2>Livraison et paiement<\/h2>\n<p>(Nous livrons \u00e0 partir de \u20ac150,00 <strong>gratuit<\/strong>\u00a0\u00e0 l'int\u00e9rieur de l'Allemagne. Pour les commandes inf\u00e9rieures \u00e0 \u20ac50,00, nous facturons un forfait de frais de port de \u20ac5,90).<\/p>\n<div>\n<p><strong>Modes de paiement<\/strong><\/p>\n<p>Afin de rendre votre achat le plus agr\u00e9able possible, nous vous proposons deux modes de paiement.<\/p>\n<p>Vous pouvez ainsi choisir le mode de paiement le plus pratique pour vous.<\/p>\n<p>\u00a0<\/p>\n<\/div>\n<p><img decoding=\"async\" class=\"wp-image-6177 alignleft\" src=\"https:\/\/techno-med.eu\/wp-content\/uploads\/2025\/03\/technomed-vorkasse-300x208.png\" alt=\"\" width=\"91\" height=\"63\" srcset=\"\" sizes=\"(max-width: 91px) 100vw, 91px\" data-srcset=\"\" \/><\/p>\n<p><strong>Paiement anticip\u00e9<\/strong><\/p>\n<p><strong>IBAN:<\/strong> DE75 380 700 240 1147818 00\u00a0 \u00a0| <strong>BIC (SWIFT):<\/strong> DEUT DE DB380<\/p>\n<div>\n<p>\u00a0<\/p>\n<\/div>\n<p><img decoding=\"async\" class=\"wp-image-6175 alignleft\" src=\"https:\/\/techno-med.eu\/wp-content\/uploads\/2025\/03\/technomed-paypal-300x80.png\" alt=\"\" width=\"184\" height=\"49\" srcset=\"\" sizes=\"(max-width: 184px) 100vw, 184px\" data-srcset=\"\" \/> <strong>Paypal<\/strong>\u00a0<\/p>\n<p>En cours de construction<\/p>\t\t\t\t\t\t\t\t<\/div>\n\t\t\t\t\t<\/div>\n\t\t\t\t<\/div>\n\t\t\t\t<\/div>","protected":false},"excerpt":{"rendered":"<p>Zahlungsarten Versand und Zahlung (Wir liefern ab \u20ac150,00 kostenlos\u00a0innerhalb Deutschlands!\u00a0Bei Bestellungen unter \u20ac50,00 berechnen wir eine Versandkostenpauschale von \u20ac5,90.) Zahlungsarten Um Ihnen Ihren Einkauf so angenehm wie m\u00f6glich zu gestalten, bieten wir Ihnen zwei Zahlungsarten an. So k\u00f6nnen Sie die f\u00fcr Sie bequemste Zahlungsweise ausw\u00e4hlen. \u00a0 Vorkasse IBAN: DE75 380 700 240 1147818 00\u00a0 \u00a0| [&hellip;]<\/p>","protected":false},"author":1,"featured_media":0,"parent":0,"menu_order":0,"comment_status":"closed","ping_status":"closed","template":"","meta":{"pagelayer_contact_templates":[],"_pagelayer_content":"","footnotes":""},"class_list":["post-3504","page","type-page","status-publish","hentry"],"blocksy_meta":[],"_links":{"self":[{"href":"https:\/\/techno-med.eu\/fr\/wp-json\/wp\/v2\/pages\/3504","targetHints":{"allow":["GET"]}}],"collection":[{"href":"https:\/\/techno-med.eu\/fr\/wp-json\/wp\/v2\/pages"}],"about":[{"href":"https:\/\/techno-med.eu\/fr\/wp-json\/wp\/v2\/types\/page"}],"author":[{"embeddable":true,"href":"https:\/\/techno-med.eu\/fr\/wp-json\/wp\/v2\/users\/1"}],"replies":[{"embeddable":true,"href":"https:\/\/techno-med.eu\/fr\/wp-json\/wp\/v2\/comments?post=3504"}],"version-history":[{"count":170,"href":"https:\/\/techno-med.eu\/fr\/wp-json\/wp\/v2\/pages\/3504\/revisions"}],"predecessor-version":[{"id":7229,"href":"https:\/\/techno-med.eu\/fr\/wp-json\/wp\/v2\/pages\/3504\/revisions\/7229"}],"wp:attachment":[{"href":"https:\/\/techno-med.eu\/fr\/wp-json\/wp\/v2\/media?parent=3504"}],"curies":[{"name":"wp","href":"https:\/\/api.w.org\/{rel}","templated":true}]}}