{"id":3501,"date":"2025-02-21T11:41:24","date_gmt":"2025-02-21T11:41:24","guid":{"rendered":"https:\/\/techno-med.eu\/?page_id=3501"},"modified":"2025-03-18T16:21:05","modified_gmt":"2025-03-18T16:21:05","slug":"versand-ruckgabe","status":"publish","type":"page","link":"https:\/\/techno-med.eu\/fr\/versand-ruckgabe\/","title":{"rendered":"Exp\u00e9dition &amp; retour"},"content":{"rendered":"<div data-elementor-type=\"wp-page\" data-elementor-id=\"3501\" class=\"elementor elementor-3501\">\n\t\t\t\t<div class=\"elementor-element elementor-element-18129856 e-flex e-con-boxed e-con e-parent\" data-id=\"18129856\" data-element_type=\"container\" data-e-type=\"container\">\n\t\t\t\t\t<div class=\"e-con-inner\">\n\t\t\t\t<div class=\"elementor-element elementor-element-f70ad66 elementor-widget elementor-widget-heading\" data-id=\"f70ad66\" data-element_type=\"widget\" data-e-type=\"widget\" data-widget_type=\"heading.default\">\n\t\t\t\t\t<h1 class=\"elementor-heading-title elementor-size-default\">Exp\u00e9dition &amp; retour<\/h1>\t\t\t\t<\/div>\n\t\t\t\t<div class=\"elementor-element elementor-element-672b903 elementor-widget__width-initial elementor-widget elementor-widget-text-editor\" data-id=\"672b903\" data-element_type=\"widget\" data-e-type=\"widget\" data-widget_type=\"text-editor.default\">\n\t\t\t\t\t\t\t\t\t\n<h4>Quels sont les frais de livraison ?<\/h4>\n<p>Les frais d'exp\u00e9dition s'\u00e9l\u00e8vent \u00e0 9,90 \u20ac (TVA comprise) pour l'envoi standard.<\/p>\n<p>Veuillez noter que les frais d'envoi correspondent \u00e0 l'envoi standard en Allemagne.<\/p>\n<h4>Quels sont les d\u00e9lais de livraison ?<\/h4>\n<p>Le d\u00e9lai de livraison de nos produits est g\u00e9n\u00e9ralement indiqu\u00e9 sur la page du produit. Si aucun d\u00e9lai de livraison n'est indiqu\u00e9, le d\u00e9lai de livraison pour les produits indiqu\u00e9s comme \u00ab en stock \u00bb ou \u00ab livrable \u00bb est g\u00e9n\u00e9ralement de 3 \u00e0 5 jours ouvrables. Veuillez noter qu'aucune livraison n'est effectu\u00e9e le dimanche et les jours f\u00e9ri\u00e9s.<\/p>\n<p>Apr\u00e8s l'envoi de la marchandise, notre prestataire de services de colis vous envoie par e-mail des informations suppl\u00e9mentaires sur le suivi des envois, afin que vous puissiez toujours suivre l'\u00e9tat actuel de l'exp\u00e9dition et de la livraison.<\/p>\n<h4>Puis-je renvoyer des produits s'ils ne me plaisent pas ?<\/h4>\n<p>Nous vous garantissons une reprise des articles achet\u00e9s jusqu'\u00e0\u00a0<strong>30 jours<\/strong>\u00a0apr\u00e8s r\u00e9ception de la marchandise, sans condition. Si le produit que vous avez achet\u00e9 ne vous pla\u00eet pas, il vous suffit de nous contacter et nous vous enverrons une \u00e9tiquette de retour. Vous pourrez ainsi renvoyer le produit\u00a0<strong>gratuit<\/strong>\u00a0nous le renvoyer via une boutique GLS. D\u00e8s r\u00e9ception de la marchandise, nous vous rembourserons l'int\u00e9gralit\u00e9 du montant que vous avez pay\u00e9.<\/p>\n<p>Si vous n'avez pas la possibilit\u00e9 de nous renvoyer le produit, vous pouvez \u00e9galement convenir avec nous d'un enl\u00e8vement du colis. Dans ce cas, des frais de 14,95 \u20ac vous seront factur\u00e9s. Nous vous prions de comprendre que nous ne pouvons pas rembourser les frais d'envoi en cas de retour non annonc\u00e9 sans notre bon de retour.<\/p>\n\t\t\t\t\t\t\t\t<\/div>\n\t\t\t\t\t<\/div>\n\t\t\t\t<\/div>\n\t\t\t\t<\/div>","protected":false},"excerpt":{"rendered":"<p>Versand &#038; R\u00fcckgabe Wie hoch sind die Versandkosten? Die Versandkosten betragen 9,90 \u20ac (inkl. MwSt.) f\u00fcr den Standardversand. Bitte beachten Sie, dass die Versandkosten den Standardversand in Deutschland erf\u00fcllen. Wie lange ist die Lieferzeit? Die Lieferzeit unserer Produkte ist in der Regel auf der Produktseite angegeben. Sollte keine Lieferzeit angegeben sein, betr\u00e4gt die Lieferzeit f\u00fcr [&hellip;]<\/p>","protected":false},"author":1,"featured_media":0,"parent":0,"menu_order":0,"comment_status":"closed","ping_status":"closed","template":"","meta":{"pagelayer_contact_templates":[],"_pagelayer_content":"","footnotes":""},"class_list":["post-3501","page","type-page","status-publish","hentry"],"blocksy_meta":[],"_links":{"self":[{"href":"https:\/\/techno-med.eu\/fr\/wp-json\/wp\/v2\/pages\/3501","targetHints":{"allow":["GET"]}}],"collection":[{"href":"https:\/\/techno-med.eu\/fr\/wp-json\/wp\/v2\/pages"}],"about":[{"href":"https:\/\/techno-med.eu\/fr\/wp-json\/wp\/v2\/types\/page"}],"author":[{"embeddable":true,"href":"https:\/\/techno-med.eu\/fr\/wp-json\/wp\/v2\/users\/1"}],"replies":[{"embeddable":true,"href":"https:\/\/techno-med.eu\/fr\/wp-json\/wp\/v2\/comments?post=3501"}],"version-history":[{"count":46,"href":"https:\/\/techno-med.eu\/fr\/wp-json\/wp\/v2\/pages\/3501\/revisions"}],"predecessor-version":[{"id":7226,"href":"https:\/\/techno-med.eu\/fr\/wp-json\/wp\/v2\/pages\/3501\/revisions\/7226"}],"wp:attachment":[{"href":"https:\/\/techno-med.eu\/fr\/wp-json\/wp\/v2\/media?parent=3501"}],"curies":[{"name":"wp","href":"https:\/\/api.w.org\/{rel}","templated":true}]}}