{"id":3489,"date":"2025-02-21T11:20:01","date_gmt":"2025-02-21T11:20:01","guid":{"rendered":"https:\/\/techno-med.eu\/?page_id=3489"},"modified":"2025-03-16T08:11:13","modified_gmt":"2025-03-16T08:11:13","slug":"cookie-einstellungen","status":"publish","type":"page","link":"https:\/\/techno-med.eu\/fr\/cookie-einstellungen\/","title":{"rendered":"Informations relatives aux cookies"},"content":{"rendered":"<div data-elementor-type=\"wp-page\" data-elementor-id=\"3489\" class=\"elementor elementor-3489\">\n\t\t\t\t<div class=\"elementor-element elementor-element-170351c4 e-con-full e-flex e-con e-parent\" data-id=\"170351c4\" data-element_type=\"container\" data-e-type=\"container\">\n\t\t\t\t<div class=\"elementor-element elementor-element-a6dd75a elementor-widget elementor-widget-heading\" data-id=\"a6dd75a\" data-element_type=\"widget\" data-e-type=\"widget\" data-widget_type=\"heading.default\">\n\t\t\t\t\t<h1 class=\"elementor-heading-title elementor-size-default\">Informations relatives aux cookies<\/h1>\t\t\t\t<\/div>\n\t\t\t\t<div class=\"elementor-element elementor-element-18f0d3a5 elementor-widget elementor-widget-text-editor\" data-id=\"18f0d3a5\" data-element_type=\"widget\" data-e-type=\"widget\" data-widget_type=\"text-editor.default\">\n\t\t\t\t\t\t\t\t\t<p>\u00a0<\/p>\n<p>Ce site web utilise des cookies.<\/p>\n<p>Nous utilisons des cookies et d'autres technologies qui nous aident \u00e0 analyser notre site web (Google Analytics 4), \u00e0 proposer des fonctions pour les m\u00e9dias sociaux et \u00e0 diffuser des publicit\u00e9s personnalis\u00e9es.<\/p>\n<p>\u00c0 ces fins, nous ou les fournisseurs tiers enregistrons des informations sur votre terminal (par exemple des cookies) ou acc\u00e9dons \u00e0 des informations d\u00e9j\u00e0 enregistr\u00e9es (par exemple votre identifiant publicitaire). Si cet enregistrement n'est pas absolument n\u00e9cessaire sur le plan technique pour le service que vous avez manifestement demand\u00e9, nous avons besoin de votre consentement pour cela.<\/p>\n<p>Vous pouvez r\u00e9voquer votre consentement \u00e0 tout moment.<\/p>\n<p>Pour plus d'informations, consultez notre <a href=\"https:\/\/techno-med.eu\/fr\/datenschutzerklaerung\/\">D\u00e9claration de confidentialit\u00e9<\/a>.<\/p>\n<p><!-- \/wp:paragraph --><!-- wp:paragraph --><\/p>\n<p><!-- \/wp:paragraph --><\/p>\t\t\t\t\t\t\t\t<\/div>\n\t\t\t\t<\/div>\n\t\t\t\t<\/div>","protected":false},"excerpt":{"rendered":"<p>Cookie-Einstellungen \u00a0 Diese Webseite verwendet Cookies. Wir nutzen Cookies und andere Technologien, die uns dabei helfen, unsere Webseite zu analysieren (Google Analytics 4), Funktionen f\u00fcr soziale Medien anbieten zu k\u00f6nnen und personalisierte Werbung auszuspielen. F\u00fcr diese Zwecke Speichern wir oder die Drittanbieter Informationen auf Ihrem Endger\u00e4t (z.B. Cookies) oder greifen auf bereits gespeicherte Informationen (z.B. [&hellip;]<\/p>","protected":false},"author":1,"featured_media":0,"parent":0,"menu_order":0,"comment_status":"closed","ping_status":"closed","template":"","meta":{"pagelayer_contact_templates":[],"_pagelayer_content":"","footnotes":""},"class_list":["post-3489","page","type-page","status-publish","hentry"],"blocksy_meta":[],"_links":{"self":[{"href":"https:\/\/techno-med.eu\/fr\/wp-json\/wp\/v2\/pages\/3489","targetHints":{"allow":["GET"]}}],"collection":[{"href":"https:\/\/techno-med.eu\/fr\/wp-json\/wp\/v2\/pages"}],"about":[{"href":"https:\/\/techno-med.eu\/fr\/wp-json\/wp\/v2\/types\/page"}],"author":[{"embeddable":true,"href":"https:\/\/techno-med.eu\/fr\/wp-json\/wp\/v2\/users\/1"}],"replies":[{"embeddable":true,"href":"https:\/\/techno-med.eu\/fr\/wp-json\/wp\/v2\/comments?post=3489"}],"version-history":[{"count":82,"href":"https:\/\/techno-med.eu\/fr\/wp-json\/wp\/v2\/pages\/3489\/revisions"}],"predecessor-version":[{"id":5696,"href":"https:\/\/techno-med.eu\/fr\/wp-json\/wp\/v2\/pages\/3489\/revisions\/5696"}],"wp:attachment":[{"href":"https:\/\/techno-med.eu\/fr\/wp-json\/wp\/v2\/media?parent=3489"}],"curies":[{"name":"wp","href":"https:\/\/api.w.org\/{rel}","templated":true}]}}