{"id":3483,"date":"2025-02-21T11:18:17","date_gmt":"2025-02-21T11:18:17","guid":{"rendered":"https:\/\/techno-med.eu\/?page_id=3483"},"modified":"2025-03-16T08:17:02","modified_gmt":"2025-03-16T08:17:02","slug":"impressum","status":"publish","type":"page","link":"https:\/\/techno-med.eu\/fr\/impressum\/","title":{"rendered":"Mentions l\u00e9gales"},"content":{"rendered":"<div data-elementor-type=\"wp-page\" data-elementor-id=\"3483\" class=\"elementor elementor-3483\">\n\t\t\t\t<div class=\"elementor-element elementor-element-0e87a3f e-con-full e-flex e-con e-parent\" data-id=\"0e87a3f\" data-element_type=\"container\" data-e-type=\"container\">\n\t\t\t\t<div class=\"elementor-element elementor-element-8c8b6bf elementor-widget elementor-widget-heading\" data-id=\"8c8b6bf\" data-element_type=\"widget\" data-e-type=\"widget\" data-widget_type=\"heading.default\">\n\t\t\t\t\t<h1 class=\"elementor-heading-title elementor-size-default\">Mentions l\u00e9gales<\/h1>\t\t\t\t<\/div>\n\t\t\t\t<div class=\"elementor-element elementor-element-3eae809 elementor-widget__width-initial elementor-widget elementor-widget-text-editor\" data-id=\"3eae809\" data-element_type=\"widget\" data-e-type=\"widget\" data-widget_type=\"text-editor.default\">\n\t\t\t\t\t\t\t\t\t<h4>\u00a0<\/h4><h2><strong>Technomed<\/strong><\/h2><p>Elektrastrasse 5<br \/>81925 Munich<\/p><p>Allemagne<\/p><p>T\u00e9l\u00e9phone:  +49(0)89\/92396644<\/p><p>Courriel : service@techo-med.eu<\/p><p>PDG : K\u00e2mi Barut-Wanayo<\/p><p>D\u00e9claration d'activit\u00e9 | Num\u00e9ro de dossier : 8220 - 24 - 12709<\/p><p>Num\u00e9ro d'identification fiscale : 14412610351<\/p><p>Responsable conform\u00e9ment au \u00a7 18 MStV : Allemagne :<\/p><p>K\u00e2mi Barut-Wanayo &amp; Olivier Pintus<br \/>Elektrastrasse 5<br \/>81925 Munich<\/p><p>La Commission europ\u00e9enne met \u00e0 disposition une plateforme de r\u00e8glement en ligne des litiges (RLL) que vous trouverez ici\u00a0<a href=\"https:\/\/ec.europa.eu\/consumers\/odr\/\" target=\"_blank\" rel=\"nofollow noopener\">https:\/\/ec.europa.eu\/consumers\/odr\/<\/a>. Nous ne sommes pas tenus de participer \u00e0 une proc\u00e9dure de r\u00e8glement des litiges devant un organisme de conciliation des consommateurs et ne sommes pas dispos\u00e9s \u00e0 le faire.<\/p>\t\t\t\t\t\t\t\t<\/div>\n\t\t\t\t<\/div>\n\t\t\t\t<\/div>","protected":false},"excerpt":{"rendered":"<p>Impressum \u00a0 Technomed Elektrastrasse 581925 M\u00fcnchen Deutschland Telefon: 089\/92396644 Mail: service@techo-med.eu Gesch\u00e4ftsf\u00fchrer: K\u00e2mi Barut-Wanayo Gewerbeanmeldung | Aktenzeichen: 8220 &#8211; 24 &#8211; 12709 Steuernummer: 14412610351 Verantwortlich gem\u00e4\u00df \u00a7 18 MStV: K\u00e2mi Barut-Wanayo &amp; Olivier PintusElektrastrasse 581925 M\u00fcnchen Die Europ\u00e4ische Kommission stellt eine Plattform zur Online-Streitbeilegung (OS) bereit, die Sie hier finden\u00a0https:\/\/ec.europa.eu\/consumers\/odr\/. Zur Teilnahme an einem Streitbeilegungsverfahren [&hellip;]<\/p>","protected":false},"author":1,"featured_media":0,"parent":0,"menu_order":0,"comment_status":"closed","ping_status":"closed","template":"","meta":{"pagelayer_contact_templates":[],"_pagelayer_content":"","footnotes":""},"class_list":["post-3483","page","type-page","status-publish","hentry"],"blocksy_meta":[],"_links":{"self":[{"href":"https:\/\/techno-med.eu\/fr\/wp-json\/wp\/v2\/pages\/3483","targetHints":{"allow":["GET"]}}],"collection":[{"href":"https:\/\/techno-med.eu\/fr\/wp-json\/wp\/v2\/pages"}],"about":[{"href":"https:\/\/techno-med.eu\/fr\/wp-json\/wp\/v2\/types\/page"}],"author":[{"embeddable":true,"href":"https:\/\/techno-med.eu\/fr\/wp-json\/wp\/v2\/users\/1"}],"replies":[{"embeddable":true,"href":"https:\/\/techno-med.eu\/fr\/wp-json\/wp\/v2\/comments?post=3483"}],"version-history":[{"count":115,"href":"https:\/\/techno-med.eu\/fr\/wp-json\/wp\/v2\/pages\/3483\/revisions"}],"predecessor-version":[{"id":7198,"href":"https:\/\/techno-med.eu\/fr\/wp-json\/wp\/v2\/pages\/3483\/revisions\/7198"}],"wp:attachment":[{"href":"https:\/\/techno-med.eu\/fr\/wp-json\/wp\/v2\/media?parent=3483"}],"curies":[{"name":"wp","href":"https:\/\/api.w.org\/{rel}","templated":true}]}}