{"id":3455,"date":"2025-02-20T11:24:37","date_gmt":"2025-02-20T11:24:37","guid":{"rendered":"https:\/\/techno-med.eu\/?page_id=3455"},"modified":"2025-03-10T23:11:17","modified_gmt":"2025-03-10T23:11:17","slug":"unterstutzungsdienste","status":"publish","type":"page","link":"https:\/\/techno-med.eu\/fr\/unterstutzungsdienste\/","title":{"rendered":"Services d'assistance"},"content":{"rendered":"<div data-elementor-type=\"wp-page\" data-elementor-id=\"3455\" class=\"elementor elementor-3455\">\n\t\t\t\t<div class=\"elementor-element elementor-element-4da3c98a e-flex e-con-boxed e-con e-parent\" data-id=\"4da3c98a\" data-element_type=\"container\" data-e-type=\"container\">\n\t\t\t\t\t<div class=\"e-con-inner\">\n\t\t\t\t<div class=\"elementor-element elementor-element-d2bc18e elementor-widget elementor-widget-heading\" data-id=\"d2bc18e\" data-element_type=\"widget\" data-e-type=\"widget\" data-widget_type=\"heading.default\">\n\t\t\t\t\t<h1 class=\"elementor-heading-title elementor-size-default\">Services d'assistance<\/h1>\t\t\t\t<\/div>\n\t\t<div class=\"elementor-element elementor-element-d868a54 e-con-full e-flex e-con e-child\" data-id=\"d868a54\" data-element_type=\"container\" data-e-type=\"container\">\n\t\t\t\t<div class=\"elementor-element elementor-element-c69369d elementor-widget__width-initial elementor-widget elementor-widget-image\" data-id=\"c69369d\" data-element_type=\"widget\" data-e-type=\"widget\" data-widget_type=\"image.default\">\n\t\t\t\t\t\t\t\t\t\t\t\t\t\t\t<img fetchpriority=\"high\" decoding=\"async\" width=\"560\" height=\"312\" src=\"https:\/\/techno-med.eu\/wp-content\/uploads\/2025\/04\/nos-cinq-principes-technomed.png\" class=\"attachment-large size-large wp-image-6368\" alt=\"\" srcset=\"https:\/\/techno-med.eu\/wp-content\/uploads\/2025\/04\/nos-cinq-principes-technomed.png 560w, https:\/\/techno-med.eu\/wp-content\/uploads\/2025\/04\/nos-cinq-principes-technomed-300x167.png 300w\" sizes=\"(max-width: 560px) 100vw, 560px\" \/>\t\t\t\t\t\t\t\t\t\t\t\t\t\t\t<\/div>\n\t\t\t\t<\/div>\n\t\t\t\t\t<\/div>\n\t\t\t\t<\/div>\n\t\t<div class=\"elementor-element elementor-element-c0a799b e-flex e-con-boxed e-con e-parent\" data-id=\"c0a799b\" data-element_type=\"container\" data-e-type=\"container\">\n\t\t\t\t\t<div class=\"e-con-inner\">\n\t\t\t\t<div class=\"elementor-element elementor-element-44acf93 elementor-widget elementor-widget-heading\" data-id=\"44acf93\" data-element_type=\"widget\" data-e-type=\"widget\" data-widget_type=\"heading.default\">\n\t\t\t\t\t<h2 class=\"elementor-heading-title elementor-size-default\">1. Une forte fid\u00e9lisation de la client\u00e8le<\/h2>\t\t\t\t<\/div>\n\t\t\t\t<div class=\"elementor-element elementor-element-b8224e7 elementor-widget elementor-widget-text-editor\" data-id=\"b8224e7\" data-element_type=\"widget\" data-e-type=\"widget\" data-widget_type=\"text-editor.default\">\n\t\t\t\t\t\t\t\t\t<p data-pm-slice=\"1 1 []\">Nous n'avons qu'un seul objectif en t\u00eate :<\/p><p>\u00c9tablir une relation durable avec les magasins de mat\u00e9riel m\u00e9dical en Bavi\u00e8re.<\/p><p>Nous sommes l\u00e0 pour vous, si vous avez besoin de nous.<\/p>\t\t\t\t\t\t\t\t<\/div>\n\t\t\t\t<div class=\"elementor-element elementor-element-ed9ac99 elementor-widget elementor-widget-heading\" data-id=\"ed9ac99\" data-element_type=\"widget\" data-e-type=\"widget\" data-widget_type=\"heading.default\">\n\t\t\t\t\t<h2 class=\"elementor-heading-title elementor-size-default\">2. Une tarification appropri\u00e9e<\/h2>\t\t\t\t<\/div>\n\t\t\t\t<div class=\"elementor-element elementor-element-fef9bf4 elementor-widget elementor-widget-text-editor\" data-id=\"fef9bf4\" data-element_type=\"widget\" data-e-type=\"widget\" data-widget_type=\"text-editor.default\">\n\t\t\t\t\t\t\t\t\t<p>La concurrence ne nous fait pas peur.<\/p><p>Nous sommes fiers d'\u00eatre le fournisseur de d\u00e9mambulateurs le moins cher de Bavi\u00e8re.<\/p><p>N'h\u00e9sitez pas \u00e0 nous contacter.<\/p>\t\t\t\t\t\t\t\t<\/div>\n\t\t\t\t<div class=\"elementor-element elementor-element-ce4fcf9 elementor-widget elementor-widget-heading\" data-id=\"ce4fcf9\" data-element_type=\"widget\" data-e-type=\"widget\" data-widget_type=\"heading.default\">\n\t\t\t\t\t<h2 class=\"elementor-heading-title elementor-size-default\">3. Assurance qualit\u00e9<\/h2>\t\t\t\t<\/div>\n\t\t\t\t<div class=\"elementor-element elementor-element-8778299 elementor-widget__width-initial elementor-widget elementor-widget-text-editor\" data-id=\"8778299\" data-element_type=\"widget\" data-e-type=\"widget\" data-widget_type=\"text-editor.default\">\n\t\t\t\t\t\t\t\t\t<p>Tous les fabricants avec lesquels nous travaillons,&nbsp;<span style=\"font-family: inherit; font-size: inherit; font-style: inherit; font-variant-ligatures: inherit; font-variant-caps: inherit; font-weight: inherit; color: var( --e-global-color-text ); letter-spacing: var(--theme-letter-spacing); text-transform: var(--theme-text-transform);\">produisent des d\u00e9ambulateurs certifi\u00e9s CE qui sont soigneusement<\/span><\/p>\n<p>ont \u00e9t\u00e9 test\u00e9s et approuv\u00e9s et sont conformes aux normes ISO.<\/p>\n<p>Le marquage CE pour tous nos rollators est disponible sur demande.<\/p>\t\t\t\t\t\t\t\t<\/div>\n\t\t\t\t<div class=\"elementor-element elementor-element-e383977 elementor-widget elementor-widget-heading\" data-id=\"e383977\" data-element_type=\"widget\" data-e-type=\"widget\" data-widget_type=\"heading.default\">\n\t\t\t\t\t<h2 class=\"elementor-heading-title elementor-size-default\">4. Fiabilit\u00e9<\/h2>\t\t\t\t<\/div>\n\t\t\t\t<div class=\"elementor-element elementor-element-ed26414 elementor-widget__width-initial elementor-widget elementor-widget-text-editor\" data-id=\"ed26414\" data-element_type=\"widget\" data-e-type=\"widget\" data-widget_type=\"text-editor.default\">\n\t\t\t\t\t\t\t\t\t<p data-pm-slice=\"1 1 []\">Nous sommes toujours \u00e0 la pointe de l'actualit\u00e9 et en \u00e9troite\u00a0<span style=\"font-family: inherit; font-size: inherit; font-style: inherit; font-variant-ligatures: inherit; font-variant-caps: inherit; font-weight: inherit; color: var( --e-global-color-text ); letter-spacing: var(--theme-letter-spacing); text-transform: var(--theme-text-transform);\">Contacter votre \u00e9quipe de direction pour obtenir de solides,<\/span><\/p><p data-pm-slice=\"1 1 []\">d'entretenir des relations durables.<\/p><p data-pm-slice=\"1 1 []\"><span style=\"font-family: inherit; font-size: inherit; font-style: inherit; font-variant-ligatures: inherit; font-variant-caps: inherit; font-weight: inherit; color: var( --e-global-color-text ); letter-spacing: var(--theme-letter-spacing); text-transform: var(--theme-text-transform);\">\u00c9coute active de nos clients, transparence <\/span><span style=\"font-family: inherit; font-size: inherit; font-style: inherit; font-variant-ligatures: inherit; font-variant-caps: inherit; font-weight: inherit; color: var( --e-global-color-text ); letter-spacing: var(--theme-letter-spacing); text-transform: var(--theme-text-transform);\">et\u00a0\u00a0<\/span><span style=\"color: var( --e-global-color-text ); font-family: inherit; font-size: inherit; font-style: inherit; font-variant-ligatures: inherit; font-variant-caps: inherit; font-weight: inherit; letter-spacing: var(--theme-letter-spacing); text-transform: var(--theme-text-transform);\">La confiance est notre principe directeur.<\/span><\/p>\t\t\t\t\t\t\t\t<\/div>\n\t\t\t\t<div class=\"elementor-element elementor-element-6e41f51 elementor-widget elementor-widget-heading\" data-id=\"6e41f51\" data-element_type=\"widget\" data-e-type=\"widget\" data-widget_type=\"heading.default\">\n\t\t\t\t\t<h2 class=\"elementor-heading-title elementor-size-default\">5. Flexibilit\u00e9<\/h2>\t\t\t\t<\/div>\n\t\t\t\t<div class=\"elementor-element elementor-element-ef3ee3b elementor-widget elementor-widget-text-editor\" data-id=\"ef3ee3b\" data-element_type=\"widget\" data-e-type=\"widget\" data-widget_type=\"text-editor.default\">\n\t\t\t\t\t\t\t\t\t<p data-pm-slice=\"1 1 []\">Nous comprenons que des \u00e9v\u00e9nements inattendus peuvent survenir lors de l'exploitation d'un magasin de mat\u00e9riel m\u00e9dical.<\/p><p>Notre \u00e9quipe est pr\u00eate et capable de s'adapter \u00e0 vos besoins, \u00e0 vos plans d'urgence et \u00e0 vos priorit\u00e9s.<\/p>\t\t\t\t\t\t\t\t<\/div>\n\t\t\t\t<div class=\"elementor-element elementor-element-00d0426 elementor-button-info elementor-align-left elementor-widget__width-initial elementor-widget elementor-widget-button\" data-id=\"00d0426\" data-element_type=\"widget\" data-e-type=\"widget\" data-widget_type=\"button.default\">\n\t\t\t\t\t\t\t\t\t\t<a class=\"elementor-button elementor-button-link elementor-size-sm\" href=\"https:\/\/techno-med.eu\/fr\/kontakt\/\">\n\t\t\t\t\t\t<span class=\"elementor-button-content-wrapper\">\n\t\t\t\t\t\t\t\t\t<span class=\"elementor-button-text\">Nous vous conseillons volontiers. N'h\u00e9sitez pas \u00e0 nous contacter !<\/span>\n\t\t\t\t\t<\/span>\n\t\t\t\t\t<\/a>\n\t\t\t\t\t\t\t\t<\/div>\n\t\t\t\t\t<\/div>\n\t\t\t\t<\/div>\n\t\t\t\t<\/div>","protected":false},"excerpt":{"rendered":"<p>Unterst\u00fctzungsdienste 1. Starke Kundenbindung Wir haben nur ein Ziel vor Augen: Eine dauerhafte Beziehung zu Sanit\u00e4tsh\u00e4usern in Bayern aufzubauen. Wir sind f\u00fcr Sie da, wenn Sie uns brauchen. 2. angemessene Preisgestaltung Konkurrenz schreckt uns nicht. Wir sind stolz darauf, der preisg\u00fcnstigste Anbieter von Rollatoren in Bayern zu sein. Sprechen Sie mit uns. 3. Qualit\u00e4tssicherung Alle [&hellip;]<\/p>","protected":false},"author":1,"featured_media":0,"parent":0,"menu_order":0,"comment_status":"closed","ping_status":"closed","template":"","meta":{"pagelayer_contact_templates":[],"_pagelayer_content":"","footnotes":""},"class_list":["post-3455","page","type-page","status-publish","hentry"],"blocksy_meta":[],"_links":{"self":[{"href":"https:\/\/techno-med.eu\/fr\/wp-json\/wp\/v2\/pages\/3455","targetHints":{"allow":["GET"]}}],"collection":[{"href":"https:\/\/techno-med.eu\/fr\/wp-json\/wp\/v2\/pages"}],"about":[{"href":"https:\/\/techno-med.eu\/fr\/wp-json\/wp\/v2\/types\/page"}],"author":[{"embeddable":true,"href":"https:\/\/techno-med.eu\/fr\/wp-json\/wp\/v2\/users\/1"}],"replies":[{"embeddable":true,"href":"https:\/\/techno-med.eu\/fr\/wp-json\/wp\/v2\/comments?post=3455"}],"version-history":[{"count":337,"href":"https:\/\/techno-med.eu\/fr\/wp-json\/wp\/v2\/pages\/3455\/revisions"}],"predecessor-version":[{"id":7135,"href":"https:\/\/techno-med.eu\/fr\/wp-json\/wp\/v2\/pages\/3455\/revisions\/7135"}],"wp:attachment":[{"href":"https:\/\/techno-med.eu\/fr\/wp-json\/wp\/v2\/media?parent=3455"}],"curies":[{"name":"wp","href":"https:\/\/api.w.org\/{rel}","templated":true}]}}