{"id":3427,"date":"2025-02-20T10:52:12","date_gmt":"2025-02-20T10:52:12","guid":{"rendered":"https:\/\/techno-med.eu\/?page_id=3427"},"modified":"2025-02-24T15:08:54","modified_gmt":"2025-02-24T15:08:54","slug":"ersatzteile","status":"publish","type":"page","link":"https:\/\/techno-med.eu\/fr\/ersatzteile\/","title":{"rendered":"Pi\u00e8ces d\u00e9tach\u00e9es"},"content":{"rendered":"<div data-elementor-type=\"wp-page\" data-elementor-id=\"3427\" class=\"elementor elementor-3427\">\n\t\t\t\t<div class=\"elementor-element elementor-element-2d56cb7a e-con-full e-flex e-con e-parent\" data-id=\"2d56cb7a\" data-element_type=\"container\" data-e-type=\"container\">\n\t\t\t\t<div class=\"elementor-element elementor-element-09d7b4e elementor-widget elementor-widget-heading\" data-id=\"09d7b4e\" data-element_type=\"widget\" data-e-type=\"widget\" data-widget_type=\"heading.default\">\n\t\t\t\t\t<h1 class=\"elementor-heading-title elementor-size-default\">Pi\u00e8ces d\u00e9tach\u00e9es<\/h1>\t\t\t\t<\/div>\n\t\t\t\t<div class=\"elementor-element elementor-element-5d2611de elementor-widget elementor-widget-text-editor\" data-id=\"5d2611de\" data-element_type=\"widget\" data-e-type=\"widget\" data-widget_type=\"text-editor.default\">\n\t\t\t\t\t\t\t\t\t\n<p data-pm-slice=\"1 1 []\">Obwohl Technomed nicht direkt Ersatzteile anbietet, wollen wir den Sanit\u00e4tsh\u00e4usern im Rahmen der Kaufbedingungen helfen.<\/p>\n<p>Wie in den Allgemeinen Gesch\u00e4ftsbedingungen festgelegt, arbeiten wir eng mit den Herstellern zusammen, um Ersatzteile (Bremse, Rad) innerhalb der ersten zwei Jahre nach dem Kauf zu liefern.<\/p>\n<p>Wenn Sie dies n\u00e4her besprechen m\u00f6chten, z\u00f6gern Sie bitte nicht, uns zu <a href=\"https:\/\/techno-med.eu\/fr\/beratung-kontakt\/\">kontaktieren<\/a>.<\/p>\n<p>Wir sind bereit, mit Ihnen zusammenzuarbeiten.<\/p>\n\n<p>\u00a0<\/p>\n\t\t\t\t\t\t\t\t<\/div>\n\t\t\t\t<\/div>\n\t\t\t\t<\/div>","protected":false},"excerpt":{"rendered":"<p>Ersatzteile Obwohl Technomed nicht direkt Ersatzteile anbietet, wollen wir den Sanit\u00e4tsh\u00e4usern im Rahmen der Kaufbedingungen helfen. Wie in den Allgemeinen Gesch\u00e4ftsbedingungen festgelegt, arbeiten wir eng mit den Herstellern zusammen, um Ersatzteile (Bremse, Rad) innerhalb der ersten zwei Jahre nach dem Kauf zu liefern. Wenn Sie dies n\u00e4her besprechen m\u00f6chten, z\u00f6gern Sie bitte nicht, uns zu [&hellip;]<\/p>","protected":false},"author":1,"featured_media":0,"parent":0,"menu_order":0,"comment_status":"closed","ping_status":"closed","template":"","meta":{"pagelayer_contact_templates":[],"_pagelayer_content":"","footnotes":""},"class_list":["post-3427","page","type-page","status-publish","hentry"],"blocksy_meta":[],"_links":{"self":[{"href":"https:\/\/techno-med.eu\/fr\/wp-json\/wp\/v2\/pages\/3427","targetHints":{"allow":["GET"]}}],"collection":[{"href":"https:\/\/techno-med.eu\/fr\/wp-json\/wp\/v2\/pages"}],"about":[{"href":"https:\/\/techno-med.eu\/fr\/wp-json\/wp\/v2\/types\/page"}],"author":[{"embeddable":true,"href":"https:\/\/techno-med.eu\/fr\/wp-json\/wp\/v2\/users\/1"}],"replies":[{"embeddable":true,"href":"https:\/\/techno-med.eu\/fr\/wp-json\/wp\/v2\/comments?post=3427"}],"version-history":[{"count":43,"href":"https:\/\/techno-med.eu\/fr\/wp-json\/wp\/v2\/pages\/3427\/revisions"}],"predecessor-version":[{"id":4654,"href":"https:\/\/techno-med.eu\/fr\/wp-json\/wp\/v2\/pages\/3427\/revisions\/4654"}],"wp:attachment":[{"href":"https:\/\/techno-med.eu\/fr\/wp-json\/wp\/v2\/media?parent=3427"}],"curies":[{"name":"wp","href":"https:\/\/api.w.org\/{rel}","templated":true}]}}