{"id":3417,"date":"2025-02-20T10:40:56","date_gmt":"2025-02-20T10:40:56","guid":{"rendered":"https:\/\/techno-med.eu\/?page_id=3417"},"modified":"2025-03-16T08:12:02","modified_gmt":"2025-03-16T08:12:02","slug":"rollatoren","status":"publish","type":"page","link":"https:\/\/techno-med.eu\/fr\/rollatoren\/","title":{"rendered":"D\u00e9ambulateurs"},"content":{"rendered":"<div data-elementor-type=\"wp-page\" data-elementor-id=\"3417\" class=\"elementor elementor-3417\">\n\t\t\t\t<div class=\"elementor-element elementor-element-2d02c260 e-flex e-con-boxed e-con e-parent\" data-id=\"2d02c260\" data-element_type=\"container\" data-e-type=\"container\" data-settings=\"{&quot;background_background&quot;:&quot;gradient&quot;}\">\n\t\t\t\t\t<div class=\"e-con-inner\">\n\t\t\t\t<div class=\"elementor-element elementor-element-6cfe3eb elementor-widget elementor-widget-heading\" data-id=\"6cfe3eb\" data-element_type=\"widget\" data-e-type=\"widget\" data-widget_type=\"heading.default\">\n\t\t\t\t\t<h2 class=\"elementor-heading-title elementor-size-default\">Nos d\u00e9ambulateurs<\/h2>\t\t\t\t<\/div>\n\t\t\t\t<div class=\"elementor-element elementor-element-f19aebb elementor-widget elementor-widget-text-editor\" data-id=\"f19aebb\" data-element_type=\"widget\" data-e-type=\"widget\" data-widget_type=\"text-editor.default\">\n\t\t\t\t\t\t\t\t\t<div>Notre offre de d\u00e9ambulateurs est en constante \u00e9volution.<\/div><div>\u00a0<\/div><div>Si votre magasin de mat\u00e9riel m\u00e9dical est \u00e0 la recherche d'un mod\u00e8le de d\u00e9ambulateur particulier, nous serons ravis de vous aider.<\/div><div>\u00a0<\/div><p>N'h\u00e9sitez pas \u00e0 vous renseigner en passant par notre page <strong>CONSEIL-CONTACT<\/strong> pour nous contacter.<\/p>\t\t\t\t\t\t\t\t<\/div>\n\t\t\t\t\t<\/div>\n\t\t\t\t<\/div>\n\t\t<div class=\"elementor-element elementor-element-7d59a3b e-grid e-con-full e-con e-parent\" data-id=\"7d59a3b\" data-element_type=\"container\" data-e-type=\"container\">\n\t\t\t\t<div class=\"elementor-element elementor-element-bac67a4 elementor-widget elementor-widget-image\" data-id=\"bac67a4\" data-element_type=\"widget\" data-e-type=\"widget\" data-widget_type=\"image.default\">\n\t\t\t\t\t\t\t\t\t\t\t\t<figure class=\"wp-caption\">\n\t\t\t\t\t\t\t\t\t\t\t<a href=\"https:\/\/techno-med.eu\/fr\/product\/dynamiker-b-70\/\">\n\t\t\t\t\t\t\t<img fetchpriority=\"high\" decoding=\"async\" width=\"924\" height=\"924\" src=\"https:\/\/techno-med.eu\/wp-content\/uploads\/2025\/02\/Technomed-Dynamiker-B-70-Outdoor-Rollator-2-924x924-1.png\" class=\"attachment-large size-large wp-image-4266\" alt=\"Technomed Dynamiker B-70 Outdoor Rollator\" srcset=\"https:\/\/techno-med.eu\/wp-content\/uploads\/2025\/02\/Technomed-Dynamiker-B-70-Outdoor-Rollator-2-924x924-1.png 924w, https:\/\/techno-med.eu\/wp-content\/uploads\/2025\/02\/Technomed-Dynamiker-B-70-Outdoor-Rollator-2-924x924-1-300x300.png 300w, https:\/\/techno-med.eu\/wp-content\/uploads\/2025\/02\/Technomed-Dynamiker-B-70-Outdoor-Rollator-2-924x924-1-150x150.png 150w, https:\/\/techno-med.eu\/wp-content\/uploads\/2025\/02\/Technomed-Dynamiker-B-70-Outdoor-Rollator-2-924x924-1-768x768.png 768w, https:\/\/techno-med.eu\/wp-content\/uploads\/2025\/02\/Technomed-Dynamiker-B-70-Outdoor-Rollator-2-924x924-1-600x600.png 600w, https:\/\/techno-med.eu\/wp-content\/uploads\/2025\/02\/Technomed-Dynamiker-B-70-Outdoor-Rollator-2-924x924-1-100x100.png 100w\" sizes=\"(max-width: 924px) 100vw, 924px\" \/>\t\t\t\t\t\t\t\t<\/a>\n\t\t\t\t\t\t\t\t\t\t\t<figcaption class=\"widget-image-caption wp-caption-text\"><\/figcaption>\n\t\t\t\t\t\t\t\t\t\t<\/figure>\n\t\t\t\t\t\t\t\t\t<\/div>\n\t\t\t\t<div class=\"elementor-element elementor-element-36b4812 elementor-widget elementor-widget-image\" data-id=\"36b4812\" data-element_type=\"widget\" data-e-type=\"widget\" data-widget_type=\"image.default\">\n\t\t\t\t\t\t\t\t\t\t\t\t\t\t\t\t<a href=\"https:\/\/techno-med.eu\/fr\/product\/dauerbrenner-g-80\/\">\n\t\t\t\t\t\t\t<img decoding=\"async\" width=\"1024\" height=\"1024\" src=\"https:\/\/techno-med.eu\/wp-content\/uploads\/2025\/02\/Technomed-Dauerbrenner-G-80-Standard-Rollator-5-3024x3024-1-1024x1024.png\" class=\"attachment-large size-large wp-image-4262\" alt=\"Technomed Dauerbrenner G-80 Standard-Rollator\" srcset=\"\" sizes=\"(max-width: 1024px) 100vw, 1024px\" data-srcset=\"\" \/>\t\t\t\t\t\t\t\t<\/a>\n\t\t\t\t\t\t\t\t\t\t\t\t\t\t\t<\/div>\n\t\t\t\t<div class=\"elementor-element elementor-element-f9426ee elementor-widget elementor-widget-image\" data-id=\"f9426ee\" data-element_type=\"widget\" data-e-type=\"widget\" data-widget_type=\"image.default\">\n\t\t\t\t\t\t\t\t\t\t\t\t\t\t\t\t<a href=\"https:\/\/techno-med.eu\/fr\/product\/kraftakt-x-90\/\">\n\t\t\t\t\t\t\t<img decoding=\"async\" width=\"750\" height=\"750\" src=\"https:\/\/techno-med.eu\/wp-content\/uploads\/2025\/02\/Technomed-Kraftakt-X-90-Leichtgewicht-Rollator-2-750x750-1.png\" class=\"attachment-large size-large wp-image-4278\" alt=\"Technomed Kraftakt X-90 Leichtgewicht-Rollator\" srcset=\"https:\/\/techno-med.eu\/wp-content\/uploads\/2025\/02\/Technomed-Kraftakt-X-90-Leichtgewicht-Rollator-2-750x750-1.png 750w, https:\/\/techno-med.eu\/wp-content\/uploads\/2025\/02\/Technomed-Kraftakt-X-90-Leichtgewicht-Rollator-2-750x750-1-300x300.png 300w, https:\/\/techno-med.eu\/wp-content\/uploads\/2025\/02\/Technomed-Kraftakt-X-90-Leichtgewicht-Rollator-2-750x750-1-150x150.png 150w, https:\/\/techno-med.eu\/wp-content\/uploads\/2025\/02\/Technomed-Kraftakt-X-90-Leichtgewicht-Rollator-2-750x750-1-600x600.png 600w, https:\/\/techno-med.eu\/wp-content\/uploads\/2025\/02\/Technomed-Kraftakt-X-90-Leichtgewicht-Rollator-2-750x750-1-100x100.png 100w\" sizes=\"(max-width: 750px) 100vw, 750px\" \/>\t\t\t\t\t\t\t\t<\/a>\n\t\t\t\t\t\t\t\t\t\t\t\t\t\t\t<\/div>\n\t\t\t\t<div class=\"elementor-element elementor-element-56b7c53 elementor-widget elementor-widget-image\" data-id=\"56b7c53\" data-element_type=\"widget\" data-e-type=\"widget\" data-widget_type=\"image.default\">\n\t\t\t\t\t\t\t\t\t\t\t\t\t\t\t\t<a href=\"https:\/\/techno-med.eu\/fr\/product\/ausdauer-f-60\/\">\n\t\t\t\t\t\t\t<img loading=\"lazy\" decoding=\"async\" width=\"750\" height=\"750\" src=\"https:\/\/techno-med.eu\/wp-content\/uploads\/2025\/02\/Technomed-Ausdauer-F-60-XXL-Rollator-1-750x750-1.png\" class=\"attachment-large size-large wp-image-4839\" alt=\"\" srcset=\"https:\/\/techno-med.eu\/wp-content\/uploads\/2025\/02\/Technomed-Ausdauer-F-60-XXL-Rollator-1-750x750-1.png 750w, https:\/\/techno-med.eu\/wp-content\/uploads\/2025\/02\/Technomed-Ausdauer-F-60-XXL-Rollator-1-750x750-1-300x300.png 300w, https:\/\/techno-med.eu\/wp-content\/uploads\/2025\/02\/Technomed-Ausdauer-F-60-XXL-Rollator-1-750x750-1-150x150.png 150w, https:\/\/techno-med.eu\/wp-content\/uploads\/2025\/02\/Technomed-Ausdauer-F-60-XXL-Rollator-1-750x750-1-600x600.png 600w, https:\/\/techno-med.eu\/wp-content\/uploads\/2025\/02\/Technomed-Ausdauer-F-60-XXL-Rollator-1-750x750-1-100x100.png 100w\" sizes=\"(max-width: 750px) 100vw, 750px\" \/>\t\t\t\t\t\t\t\t<\/a>\n\t\t\t\t\t\t\t\t\t\t\t\t\t\t\t<\/div>\n\t\t\t\t<div class=\"elementor-element elementor-element-142b67c elementor-widget elementor-widget-heading\" data-id=\"142b67c\" data-element_type=\"widget\" data-e-type=\"widget\" data-widget_type=\"heading.default\">\n\t\t\t\t\t<h4 class=\"elementor-heading-title elementor-size-default\">Dynamiker B-70<\/h4>\t\t\t\t<\/div>\n\t\t\t\t<div class=\"elementor-element elementor-element-727e472 elementor-widget elementor-widget-heading\" data-id=\"727e472\" data-element_type=\"widget\" data-e-type=\"widget\" data-widget_type=\"heading.default\">\n\t\t\t\t\t<h4 class=\"elementor-heading-title elementor-size-default\">Dauerbrenner G-80<\/h4>\t\t\t\t<\/div>\n\t\t\t\t<div class=\"elementor-element elementor-element-61529e0 elementor-widget elementor-widget-heading\" data-id=\"61529e0\" data-element_type=\"widget\" data-e-type=\"widget\" data-widget_type=\"heading.default\">\n\t\t\t\t\t<h4 class=\"elementor-heading-title elementor-size-default\">Kraftakt X-90<\/h4>\t\t\t\t<\/div>\n\t\t\t\t<div class=\"elementor-element elementor-element-9c0c2aa elementor-widget elementor-widget-heading\" data-id=\"9c0c2aa\" data-element_type=\"widget\" data-e-type=\"widget\" data-widget_type=\"heading.default\">\n\t\t\t\t\t<h4 class=\"elementor-heading-title elementor-size-default\">Ausdauer F-60<\/h4>\t\t\t\t<\/div>\n\t\t\t\t<div class=\"elementor-element elementor-element-7b16ba3 elementor-widget elementor-widget-heading\" data-id=\"7b16ba3\" data-element_type=\"widget\" data-e-type=\"widget\" data-widget_type=\"heading.default\">\n\t\t\t\t\t<h5 class=\"elementor-heading-title elementor-size-default\">259,00 \u20ac<\/h5>\t\t\t\t<\/div>\n\t\t\t\t<div class=\"elementor-element elementor-element-2fcd818 elementor-widget elementor-widget-heading\" data-id=\"2fcd818\" data-element_type=\"widget\" data-e-type=\"widget\" data-widget_type=\"heading.default\">\n\t\t\t\t\t<h5 class=\"elementor-heading-title elementor-size-default\">149,00 \u20ac<\/h5>\t\t\t\t<\/div>\n\t\t\t\t<div class=\"elementor-element elementor-element-ee1b58c elementor-widget elementor-widget-heading\" data-id=\"ee1b58c\" data-element_type=\"widget\" data-e-type=\"widget\" data-widget_type=\"heading.default\">\n\t\t\t\t\t<h5 class=\"elementor-heading-title elementor-size-default\">350,00 \u20ac<\/h5>\t\t\t\t<\/div>\n\t\t\t\t<div class=\"elementor-element elementor-element-a7276a2 elementor-widget elementor-widget-heading\" data-id=\"a7276a2\" data-element_type=\"widget\" data-e-type=\"widget\" data-widget_type=\"heading.default\">\n\t\t\t\t\t<h5 class=\"elementor-heading-title elementor-size-default\">310,00 \u20ac<\/h5>\t\t\t\t<\/div>\n\t\t\t\t<div class=\"elementor-element elementor-element-1c81aa2 elementor-widget elementor-widget-heading\" data-id=\"1c81aa2\" data-element_type=\"widget\" data-e-type=\"widget\" data-widget_type=\"heading.default\">\n\t\t\t\t\t<span class=\"elementor-heading-title elementor-size-default\">D\u00c9AMBULATEURS POUR L' EXT\u00c9RIEUR<\/span>\t\t\t\t<\/div>\n\t\t\t\t<div class=\"elementor-element elementor-element-4cde09f elementor-widget elementor-widget-heading\" data-id=\"4cde09f\" data-element_type=\"widget\" data-e-type=\"widget\" data-widget_type=\"heading.default\">\n\t\t\t\t\t<div class=\"elementor-heading-title elementor-size-default\">D\u00c9AMBULATEURS STANDARD<\/div>\t\t\t\t<\/div>\n\t\t\t\t<div class=\"elementor-element elementor-element-afbb7e0 elementor-widget elementor-widget-heading\" data-id=\"afbb7e0\" data-element_type=\"widget\" data-e-type=\"widget\" data-widget_type=\"heading.default\">\n\t\t\t\t\t<div class=\"elementor-heading-title elementor-size-default\">D\u00c9AMBULATEURS POIDS PLUME<\/div>\t\t\t\t<\/div>\n\t\t\t\t<div class=\"elementor-element elementor-element-f3aedec elementor-widget elementor-widget-heading\" data-id=\"f3aedec\" data-element_type=\"widget\" data-e-type=\"widget\" data-widget_type=\"heading.default\">\n\t\t\t\t\t<div class=\"elementor-heading-title elementor-size-default\">D\u00c9AMBULATEURS TAILLE XXL<\/div>\t\t\t\t<\/div>\n\t\t\t\t<div class=\"elementor-element elementor-element-fc9935a elementor-button-success elementor-align-center elementor-widget__width-inherit elementor-widget elementor-widget-button\" data-id=\"fc9935a\" data-element_type=\"widget\" data-e-type=\"widget\" data-widget_type=\"button.default\">\n\t\t\t\t\t\t\t\t\t\t<a class=\"elementor-button elementor-button-link elementor-size-sm\" href=\"https:\/\/techno-med.eu\/fr\/?add-to-cart=4249&#038;quantity=1\">\n\t\t\t\t\t\t<span class=\"elementor-button-content-wrapper\">\n\t\t\t\t\t\t\t\t\t<span class=\"elementor-button-text\">Aller au panier d'achat<\/span>\n\t\t\t\t\t<\/span>\n\t\t\t\t\t<\/a>\n\t\t\t\t\t\t\t\t<\/div>\n\t\t\t\t<div class=\"elementor-element elementor-element-e98524d elementor-button-success elementor-align-center elementor-widget elementor-widget-button\" data-id=\"e98524d\" data-element_type=\"widget\" data-e-type=\"widget\" data-widget_type=\"button.default\">\n\t\t\t\t\t\t\t\t\t\t<a class=\"elementor-button elementor-button-link elementor-size-sm\" href=\"https:\/\/techno-med.eu\/fr\/?add-to-cart=4234&#038;quantity=1\">\n\t\t\t\t\t\t<span class=\"elementor-button-content-wrapper\">\n\t\t\t\t\t\t\t\t\t<span class=\"elementor-button-text\">Aller au panier d'achat<\/span>\n\t\t\t\t\t<\/span>\n\t\t\t\t\t<\/a>\n\t\t\t\t\t\t\t\t<\/div>\n\t\t\t\t<div class=\"elementor-element elementor-element-47f7869 elementor-button-success elementor-align-center elementor-widget elementor-widget-button\" data-id=\"47f7869\" data-element_type=\"widget\" data-e-type=\"widget\" data-widget_type=\"button.default\">\n\t\t\t\t\t\t\t\t\t\t<a class=\"elementor-button elementor-button-link elementor-size-sm\" href=\"https:\/\/techno-med.eu\/fr\/?add-to-cart=4215&#038;quantity=1\">\n\t\t\t\t\t\t<span class=\"elementor-button-content-wrapper\">\n\t\t\t\t\t\t\t\t\t<span class=\"elementor-button-text\">Aller au panier d'achat<\/span>\n\t\t\t\t\t<\/span>\n\t\t\t\t\t<\/a>\n\t\t\t\t\t\t\t\t<\/div>\n\t\t\t\t<div class=\"elementor-element elementor-element-e1086c5 elementor-button-success elementor-align-center elementor-widget elementor-widget-button\" data-id=\"e1086c5\" data-element_type=\"widget\" data-e-type=\"widget\" data-widget_type=\"button.default\">\n\t\t\t\t\t\t\t\t\t\t<a class=\"elementor-button elementor-button-link elementor-size-sm\" href=\"https:\/\/techno-med.eu\/fr\/?add-to-cart=4251&#038;quantity=1\">\n\t\t\t\t\t\t<span class=\"elementor-button-content-wrapper\">\n\t\t\t\t\t\t\t\t\t<span class=\"elementor-button-text\">Aller au panier d'achat<\/span>\n\t\t\t\t\t<\/span>\n\t\t\t\t\t<\/a>\n\t\t\t\t\t\t\t\t<\/div>\n\t\t\t\t<\/div>\n\t\t\t\t<\/div>","protected":false},"excerpt":{"rendered":"<p>Unsere Rollatoren Unser Angebot an Rollatoren wird st\u00e4ndig erweitert.\u00a0Wenn Ihr Sanit\u00e4tshaus auf der Suche nach einem bestimmten Rollatormodell ist, helfen wir Ihnen gerne weiter.\u00a0 Gerne k\u00f6nnen Sie sich \u00fcber unsere BERATUNG-KONTAKT Seite mit uns in Verbindung setzen. Dynamiker B-70 Dauerbrenner G-80 Kraftakt X-90 Ausdauer F-60 259,00 \u20ac 149,00 \u20ac 350,00 \u20ac 310,00 \u20ac OUTDOOR-ROLLATOREN STANDARD-ROLLATOREN [&hellip;]<\/p>","protected":false},"author":1,"featured_media":0,"parent":0,"menu_order":0,"comment_status":"closed","ping_status":"closed","template":"","meta":{"pagelayer_contact_templates":[],"_pagelayer_content":"","footnotes":""},"class_list":["post-3417","page","type-page","status-publish","hentry"],"blocksy_meta":[],"_links":{"self":[{"href":"https:\/\/techno-med.eu\/fr\/wp-json\/wp\/v2\/pages\/3417","targetHints":{"allow":["GET"]}}],"collection":[{"href":"https:\/\/techno-med.eu\/fr\/wp-json\/wp\/v2\/pages"}],"about":[{"href":"https:\/\/techno-med.eu\/fr\/wp-json\/wp\/v2\/types\/page"}],"author":[{"embeddable":true,"href":"https:\/\/techno-med.eu\/fr\/wp-json\/wp\/v2\/users\/1"}],"replies":[{"embeddable":true,"href":"https:\/\/techno-med.eu\/fr\/wp-json\/wp\/v2\/comments?post=3417"}],"version-history":[{"count":672,"href":"https:\/\/techno-med.eu\/fr\/wp-json\/wp\/v2\/pages\/3417\/revisions"}],"predecessor-version":[{"id":7153,"href":"https:\/\/techno-med.eu\/fr\/wp-json\/wp\/v2\/pages\/3417\/revisions\/7153"}],"wp:attachment":[{"href":"https:\/\/techno-med.eu\/fr\/wp-json\/wp\/v2\/media?parent=3417"}],"curies":[{"name":"wp","href":"https:\/\/api.w.org\/{rel}","templated":true}]}}