{"id":3410,"date":"2024-02-08T12:05:53","date_gmt":"2024-02-08T12:05:53","guid":{"rendered":"https:\/\/startersites.io\/elementor\/garderobe\/?page_id=3410"},"modified":"2025-05-01T10:56:34","modified_gmt":"2025-05-01T10:56:34","slug":"beratung","status":"publish","type":"page","link":"https:\/\/techno-med.eu\/fr\/beratung\/","title":{"rendered":"Conseils"},"content":{"rendered":"<div data-elementor-type=\"wp-page\" data-elementor-id=\"3410\" class=\"elementor elementor-3410\">\n\t\t\t\t<div class=\"elementor-element elementor-element-619ae68 e-flex e-con-boxed e-con e-parent\" data-id=\"619ae68\" data-element_type=\"container\" data-e-type=\"container\" data-settings=\"{&quot;background_background&quot;:&quot;classic&quot;}\">\n\t\t\t\t\t<div class=\"e-con-inner\">\n\t\t\t\t<div class=\"elementor-element elementor-element-b4dcc81 elementor-widget elementor-widget-heading\" data-id=\"b4dcc81\" data-element_type=\"widget\" data-e-type=\"widget\" data-widget_type=\"heading.default\">\n\t\t\t\t\t<h1 class=\"elementor-heading-title elementor-size-default\"> Conseil-Contact<\/h1>\t\t\t\t<\/div>\n\t\t\t\t<div class=\"elementor-element elementor-element-90fcab3 elementor-widget elementor-widget-text-editor\" data-id=\"90fcab3\" data-element_type=\"widget\" data-e-type=\"widget\" data-widget_type=\"text-editor.default\">\n\t\t\t\t\t\t\t\t\t<p data-pm-slice=\"1 1 []\">Vous avez consult\u00e9 diff\u00e9rents d\u00e9ambulateurs int\u00e9ressants sur Internet et vous vous demandez comment les commander le plus rapidement possible pour vos clients ?<\/p><p data-pm-slice=\"1 1 []\">\u00a0<\/p><p>Avez-vous des exigences particuli\u00e8res concernant les d\u00e9ambulateurs que vous avez d\u00e9j\u00e0 command\u00e9s ou que vous avez l'intention de commander ?<\/p><p>\u00a0<\/p><p>Aucun probl\u00e8me !<\/p><p>\u00a0<\/p><p>Nous sommes \u00e0 votre disposition.<\/p><p>\u00a0<\/p><p>Il suffit de nous \u00e9crire \u00e0 <strong>kundenbetreuung@techno-med.eu<\/strong>\u00a0et nous ferons de notre mieux pour vous aider.<\/p>\t\t\t\t\t\t\t\t<\/div>\n\t\t\t\t<div class=\"elementor-element elementor-element-568e049 elementor-widget elementor-widget-image\" data-id=\"568e049\" data-element_type=\"widget\" data-e-type=\"widget\" data-widget_type=\"image.default\">\n\t\t\t\t\t\t\t\t\t\t\t\t\t\t\t<img decoding=\"async\" src=\"https:\/\/techno-med.eu\/wp-content\/uploads\/elementor\/thumbs\/technomed-beratung625x351-r29sli547hmhk12iwk0ocgmcsplvmp3ffh3zait00c.png\" title=\"technomed-beratung625x351\" alt=\"technomed-beratung625x351\" loading=\"lazy\" \/>\t\t\t\t\t\t\t\t\t\t\t\t\t\t\t<\/div>\n\t\t\t\t\t<\/div>\n\t\t\t\t<\/div>\n\t\t\t\t<\/div>","protected":false},"excerpt":{"rendered":"<p>Beratung-Kontakt Sie haben sich verschiedene interessante Rollatoren im Internet angesehen und fragen sich, wie Sie diese am schnellsten f\u00fcr Ihre Kunden bestellen k\u00f6nnen? \u00a0 Haben Sie besondere Anforderungen an die Rollatoren, die Sie bereits bestellt oder zu bestellen gedenken? \u00a0 Kein Problem! \u00a0 Wir sind f\u00fcr Sie da. \u00a0 Schreiben Sie uns einfach an kundenbetreuung@techno-med.eu\u00a0und [&hellip;]<\/p>","protected":false},"author":1,"featured_media":0,"parent":0,"menu_order":0,"comment_status":"closed","ping_status":"closed","template":"","meta":{"pagelayer_contact_templates":[],"_pagelayer_content":"","footnotes":""},"class_list":["post-3410","page","type-page","status-publish","hentry"],"blocksy_meta":{"has_hero_section":"disabled","vertical_spacing_source":"custom","content_area_spacing":"none","styles_descriptor":{"styles":{"desktop":"","tablet":"","mobile":""},"google_fonts":[],"version":6}},"_links":{"self":[{"href":"https:\/\/techno-med.eu\/fr\/wp-json\/wp\/v2\/pages\/3410","targetHints":{"allow":["GET"]}}],"collection":[{"href":"https:\/\/techno-med.eu\/fr\/wp-json\/wp\/v2\/pages"}],"about":[{"href":"https:\/\/techno-med.eu\/fr\/wp-json\/wp\/v2\/types\/page"}],"author":[{"embeddable":true,"href":"https:\/\/techno-med.eu\/fr\/wp-json\/wp\/v2\/users\/1"}],"replies":[{"embeddable":true,"href":"https:\/\/techno-med.eu\/fr\/wp-json\/wp\/v2\/comments?post=3410"}],"version-history":[{"count":304,"href":"https:\/\/techno-med.eu\/fr\/wp-json\/wp\/v2\/pages\/3410\/revisions"}],"predecessor-version":[{"id":7272,"href":"https:\/\/techno-med.eu\/fr\/wp-json\/wp\/v2\/pages\/3410\/revisions\/7272"}],"wp:attachment":[{"href":"https:\/\/techno-med.eu\/fr\/wp-json\/wp\/v2\/media?parent=3410"}],"curies":[{"name":"wp","href":"https:\/\/api.w.org\/{rel}","templated":true}]}}